{"id":4039,"date":"2024-07-23T01:33:58","date_gmt":"2024-07-22T23:33:58","guid":{"rendered":"https:\/\/www.jizelatelier.fr\/?page_id=4039"},"modified":"2025-11-20T23:43:51","modified_gmt":"2025-11-20T22:43:51","slug":"les-carnets","status":"publish","type":"page","link":"https:\/\/www.jizelatelier.fr\/index.php\/la-papeterie\/les-carnets\/","title":{"rendered":"Les Carnets A5"},"content":{"rendered":"\n<div class=\"wp-block-cover alignfull is-light eplus-wrapper has-black-color has-text-color has-link-color wp-elements-2caa9f9045a9bfba61cd721f9c6929c6\" style=\"min-height:561px;aspect-ratio:unset;\"><img loading=\"lazy\" decoding=\"async\" width=\"1565\" height=\"800\" class=\"wp-block-cover__image-background wp-image-4577 size-full\" alt=\"\" src=\"https:\/\/www.jizelatelier.fr\/wp-content\/uploads\/2025\/11\/B-Carnets-2.jpg\" data-object-fit=\"cover\" srcset=\"https:\/\/www.jizelatelier.fr\/wp-content\/uploads\/2025\/11\/B-Carnets-2.jpg 1565w, https:\/\/www.jizelatelier.fr\/wp-content\/uploads\/2025\/11\/B-Carnets-2-300x153.jpg 300w, https:\/\/www.jizelatelier.fr\/wp-content\/uploads\/2025\/11\/B-Carnets-2-1024x523.jpg 1024w, https:\/\/www.jizelatelier.fr\/wp-content\/uploads\/2025\/11\/B-Carnets-2-768x393.jpg 768w, https:\/\/www.jizelatelier.fr\/wp-content\/uploads\/2025\/11\/B-Carnets-2-1536x785.jpg 1536w, https:\/\/www.jizelatelier.fr\/wp-content\/uploads\/2025\/11\/B-Carnets-2-600x307.jpg 600w\" sizes=\"auto, (max-width: 1565px) 100vw, 1565px\" \/><span aria-hidden=\"true\" class=\"wp-block-cover__background has-white-background-color has-background-dim-0 has-background-dim\"><\/span><div class=\"wp-block-cover__inner-container is-layout-flow wp-block-cover-is-layout-flow\">\n<div class=\"wp-block-columns eplus-wrapper is-layout-flex wp-container-core-columns-is-layout-9d6595d7 wp-block-columns-is-layout-flex\">\n<div class=\"wp-block-column eplus-wrapper is-layout-flow wp-block-column-is-layout-flow\"><h2 class=\"has-text-align-center alignwide  wp-block-post-title\">Les Carnets A5<\/h2>\n\n\n<h3 class=\"wp-block-heading has-text-align-center eplus-wrapper\" style=\"font-size:25px\">De jolis carnets pour noter vos id\u00e9es, croquer ou \u00e9crire une histoire.<\/h3>\n\n\n\n<p class=\"has-text-align-center eplus-wrapper\" style=\"font-size:15px;font-style:normal;font-weight:100\">R\u00e9alis\u00e9s \u00e0 partir d\u2019illustrations peintes \u00e0 l\u2019aquarelle, ces carnets au format A5 vous accompagnerons partout. <\/p>\n\n\n\n<div style=\"height:10px\" aria-hidden=\"true\" class=\"wp-block-spacer eplus-wrapper\"><\/div>\n\n\n\n<div class=\"wp-block-buttons eplus-wrapper is-content-justification-center is-layout-flex wp-container-core-buttons-is-layout-16018d1d wp-block-buttons-is-layout-flex\">\n<div class=\"wp-block-button is-style-outline eplus-wrapper is-style-outline--1\"><a class=\"wp-block-button__link has-custom-font-size wp-element-button\" href=\"https:\/\/jizelatelier.sumupstore.com\/cat%C3%A9gorie\/carnets-a5\" style=\"font-size:17px;font-style:normal;font-weight:100\" target=\"_blank\" rel=\"noreferrer noopener\">Go to shop<\/a><\/div>\n<\/div>\n<\/div>\n\n\n\n<div class=\"wp-block-column eplus-wrapper is-layout-flow wp-block-column-is-layout-flow\"><\/div>\n<\/div>\n<\/div><\/div>\n\n\n\n<div style=\"height:45px\" aria-hidden=\"true\" class=\"wp-block-spacer\"><\/div>\n\n\n\n<div class=\"wp-block-columns eplus-wrapper is-layout-flex wp-container-core-columns-is-layout-9d6595d7 wp-block-columns-is-layout-flex\">\n<div class=\"wp-block-column eplus-wrapper is-layout-flow wp-block-column-is-layout-flow\">\n<div class=\"wp-block-group imgvitrine eplus-wrapper\"><div class=\"wp-block-group__inner-container is-layout-constrained wp-block-group-is-layout-constrained\"><div class=\"wp-block-image eplus-wrapper\">\n<figure class=\"aligncenter size-large is-resized\"><a href=\"https:\/\/jizelatelier.sumupstore.com\/article\/carnet-a5-bord-de-mer-indigo\" target=\"_blank\" rel=\"noreferrer noopener\"><img loading=\"lazy\" decoding=\"async\" width=\"1024\" height=\"1024\" src=\"https:\/\/www.jizelatelier.fr\/wp-content\/uploads\/2025\/11\/Mock-2-CAR-BDM-Indigo-1024x1024.jpg\" alt=\"\" class=\"wp-image-4478\" style=\"width:239px;height:auto\" srcset=\"https:\/\/www.jizelatelier.fr\/wp-content\/uploads\/2025\/11\/Mock-2-CAR-BDM-Indigo-1024x1024.jpg 1024w, https:\/\/www.jizelatelier.fr\/wp-content\/uploads\/2025\/11\/Mock-2-CAR-BDM-Indigo-300x300.jpg 300w, https:\/\/www.jizelatelier.fr\/wp-content\/uploads\/2025\/11\/Mock-2-CAR-BDM-Indigo-150x150.jpg 150w, https:\/\/www.jizelatelier.fr\/wp-content\/uploads\/2025\/11\/Mock-2-CAR-BDM-Indigo-768x768.jpg 768w, https:\/\/www.jizelatelier.fr\/wp-content\/uploads\/2025\/11\/Mock-2-CAR-BDM-Indigo-600x600.jpg 600w, https:\/\/www.jizelatelier.fr\/wp-content\/uploads\/2025\/11\/Mock-2-CAR-BDM-Indigo.jpg 1181w\" sizes=\"auto, (max-width: 1024px) 100vw, 1024px\" \/><\/a><\/figure>\n<\/div>\n\n\n<h6 class=\"wp-block-heading has-text-align-center cartel eplus-wrapper has-black-color has-text-color has-link-color wp-elements-b720919516775d452c76ece5f1863cfd\" style=\"font-size:12px;font-style:normal;font-weight:100\"><a href=\"https:\/\/jizelatelier.sumupstore.com\/article\/carnet-a5-bord-de-mer-indigo\" data-type=\"page\" data-id=\"2441\" target=\"_blank\" rel=\"noreferrer noopener\">CARNET A5 &#8211; BORD DE MER, INDIGO<\/a><\/h6>\n<\/div><\/div>\n\n\n\n<p class=\"has-text-align-center prix eplus-wrapper has-text-color has-link-color wp-elements-663e656ee759323c0feede687ad5ef28\" style=\"color:#37200bc4;font-size:17px\">15,00\u20ac<\/p>\n<\/div>\n\n\n\n<div class=\"wp-block-column eplus-wrapper is-layout-flow wp-block-column-is-layout-flow\">\n<div class=\"wp-block-group imgvitrine eplus-wrapper\"><div class=\"wp-block-group__inner-container is-layout-constrained wp-block-group-is-layout-constrained\"><div class=\"wp-block-image eplus-wrapper\">\n<figure class=\"aligncenter size-large is-resized\"><a href=\"https:\/\/jizelatelier.sumupstore.com\/article\/carnet-a5-bigoudene-la-peche\" target=\"_blank\" rel=\"noreferrer noopener\"><img loading=\"lazy\" decoding=\"async\" width=\"1024\" height=\"1024\" src=\"https:\/\/www.jizelatelier.fr\/wp-content\/uploads\/2025\/11\/Mock-2-CAR-BIG-A-la-peche-1024x1024.jpg\" alt=\"\" class=\"wp-image-4479\" style=\"width:239px;height:auto\" srcset=\"https:\/\/www.jizelatelier.fr\/wp-content\/uploads\/2025\/11\/Mock-2-CAR-BIG-A-la-peche-1024x1024.jpg 1024w, https:\/\/www.jizelatelier.fr\/wp-content\/uploads\/2025\/11\/Mock-2-CAR-BIG-A-la-peche-300x300.jpg 300w, https:\/\/www.jizelatelier.fr\/wp-content\/uploads\/2025\/11\/Mock-2-CAR-BIG-A-la-peche-150x150.jpg 150w, https:\/\/www.jizelatelier.fr\/wp-content\/uploads\/2025\/11\/Mock-2-CAR-BIG-A-la-peche-768x768.jpg 768w, https:\/\/www.jizelatelier.fr\/wp-content\/uploads\/2025\/11\/Mock-2-CAR-BIG-A-la-peche-600x600.jpg 600w, https:\/\/www.jizelatelier.fr\/wp-content\/uploads\/2025\/11\/Mock-2-CAR-BIG-A-la-peche.jpg 1181w\" sizes=\"auto, (max-width: 1024px) 100vw, 1024px\" \/><\/a><\/figure>\n<\/div>\n\n\n<h6 class=\"wp-block-heading has-text-align-center cartel eplus-wrapper has-black-color has-text-color has-link-color wp-elements-d072aed137f9cd251374b5ff4debb201\" style=\"font-size:12px;font-style:normal;font-weight:100\"><a href=\"https:\/\/jizelatelier.sumupstore.com\/article\/carnet-a5-bigoudene-la-peche\" data-type=\"page\" data-id=\"2441\" target=\"_blank\" rel=\"noreferrer noopener\">CARNET A5 &#8211; BIGOUD\u00c8NE, LA P\u00caCHE<\/a><\/h6>\n<\/div><\/div>\n\n\n\n<p class=\"has-text-align-center prix eplus-wrapper has-text-color has-link-color wp-elements-663e656ee759323c0feede687ad5ef28\" style=\"color:#37200bc4;font-size:17px\">15,00\u20ac<\/p>\n<\/div>\n\n\n\n<div class=\"wp-block-column eplus-wrapper is-layout-flow wp-block-column-is-layout-flow\">\n<div class=\"wp-block-group imgvitrine eplus-wrapper\"><div class=\"wp-block-group__inner-container is-layout-constrained wp-block-group-is-layout-constrained\"><div class=\"wp-block-image eplus-wrapper\">\n<figure class=\"aligncenter size-large is-resized\"><a href=\"https:\/\/jizelatelier.sumupstore.com\/article\/carnet-a5-cafe-etoile-du-roy\" target=\"_blank\" rel=\"noreferrer noopener\"><img loading=\"lazy\" decoding=\"async\" width=\"1024\" height=\"1024\" src=\"https:\/\/www.jizelatelier.fr\/wp-content\/uploads\/2025\/11\/Mock-2-CAR-BRE-Etoile-Du-Roy-1024x1024.jpg\" alt=\"\" class=\"wp-image-4480\" style=\"width:239px;height:auto\" srcset=\"https:\/\/www.jizelatelier.fr\/wp-content\/uploads\/2025\/11\/Mock-2-CAR-BRE-Etoile-Du-Roy-1024x1024.jpg 1024w, https:\/\/www.jizelatelier.fr\/wp-content\/uploads\/2025\/11\/Mock-2-CAR-BRE-Etoile-Du-Roy-300x300.jpg 300w, https:\/\/www.jizelatelier.fr\/wp-content\/uploads\/2025\/11\/Mock-2-CAR-BRE-Etoile-Du-Roy-150x150.jpg 150w, https:\/\/www.jizelatelier.fr\/wp-content\/uploads\/2025\/11\/Mock-2-CAR-BRE-Etoile-Du-Roy-768x768.jpg 768w, https:\/\/www.jizelatelier.fr\/wp-content\/uploads\/2025\/11\/Mock-2-CAR-BRE-Etoile-Du-Roy-600x600.jpg 600w, https:\/\/www.jizelatelier.fr\/wp-content\/uploads\/2025\/11\/Mock-2-CAR-BRE-Etoile-Du-Roy.jpg 1181w\" sizes=\"auto, (max-width: 1024px) 100vw, 1024px\" \/><\/a><\/figure>\n<\/div>\n\n\n<h6 class=\"wp-block-heading has-text-align-center cartel eplus-wrapper has-black-color has-text-color has-link-color wp-elements-baa3d2cceced3cd23ce1ed7a33a3a52c\" style=\"font-size:12px;font-style:normal;font-weight:100\"><a href=\"https:\/\/jizelatelier.sumupstore.com\/article\/carnet-a5-cafe-etoile-du-roy\" data-type=\"page\" data-id=\"2441\" target=\"_blank\" rel=\"noreferrer noopener\">CARNET A5 &#8211; CAF\u00c9, \u00c9TOILE DU ROY<\/a><\/h6>\n<\/div><\/div>\n\n\n\n<p class=\"has-text-align-center prix eplus-wrapper has-text-color has-link-color wp-elements-663e656ee759323c0feede687ad5ef28\" style=\"color:#37200bc4;font-size:17px\">15,00\u20ac<\/p>\n<\/div>\n\n\n\n<div class=\"wp-block-column eplus-wrapper is-layout-flow wp-block-column-is-layout-flow\">\n<div class=\"wp-block-group imgvitrine eplus-wrapper\"><div class=\"wp-block-group__inner-container is-layout-constrained wp-block-group-is-layout-constrained\"><div class=\"wp-block-image eplus-wrapper\">\n<figure class=\"aligncenter size-large is-resized\"><a href=\"https:\/\/jizelatelier.sumupstore.com\/article\/carnet-a5-cafe-homard-de-vitruve\" target=\"_blank\" rel=\"noreferrer noopener\"><img loading=\"lazy\" decoding=\"async\" width=\"1024\" height=\"1024\" src=\"https:\/\/www.jizelatelier.fr\/wp-content\/uploads\/2025\/11\/Mock-2-CAR-COF-VIT-Homard-1024x1024.jpg\" alt=\"\" class=\"wp-image-4481\" style=\"width:239px;height:auto\" srcset=\"https:\/\/www.jizelatelier.fr\/wp-content\/uploads\/2025\/11\/Mock-2-CAR-COF-VIT-Homard-1024x1024.jpg 1024w, https:\/\/www.jizelatelier.fr\/wp-content\/uploads\/2025\/11\/Mock-2-CAR-COF-VIT-Homard-300x300.jpg 300w, https:\/\/www.jizelatelier.fr\/wp-content\/uploads\/2025\/11\/Mock-2-CAR-COF-VIT-Homard-150x150.jpg 150w, https:\/\/www.jizelatelier.fr\/wp-content\/uploads\/2025\/11\/Mock-2-CAR-COF-VIT-Homard-768x768.jpg 768w, https:\/\/www.jizelatelier.fr\/wp-content\/uploads\/2025\/11\/Mock-2-CAR-COF-VIT-Homard-600x600.jpg 600w, https:\/\/www.jizelatelier.fr\/wp-content\/uploads\/2025\/11\/Mock-2-CAR-COF-VIT-Homard.jpg 1181w\" sizes=\"auto, (max-width: 1024px) 100vw, 1024px\" \/><\/a><\/figure>\n<\/div>\n\n\n<h6 class=\"wp-block-heading has-text-align-center cartel eplus-wrapper has-black-color has-text-color has-link-color wp-elements-7f4b43cdc72d35382ea2e6a9d6a659b2\" style=\"font-size:12px;font-style:normal;font-weight:100\"><a href=\"https:\/\/jizelatelier.sumupstore.com\/article\/puzzle-500-pieces-bord-de-mer-bleu\" data-type=\"page\" data-id=\"2441\" target=\"_blank\" rel=\"noreferrer noopener\">CARNET A5 &#8211; CAF\u00c9, HOMARD DE VITRUVE<\/a><\/h6>\n<\/div><\/div>\n\n\n\n<p class=\"has-text-align-center prix eplus-wrapper has-text-color has-link-color wp-elements-663e656ee759323c0feede687ad5ef28\" style=\"color:#37200bc4;font-size:17px\">15,00\u20ac<\/p>\n<\/div>\n<\/div>\n\n\n\n<div class=\"wp-block-columns eplus-wrapper is-layout-flex wp-container-core-columns-is-layout-9d6595d7 wp-block-columns-is-layout-flex\">\n<div class=\"wp-block-column eplus-wrapper is-layout-flow wp-block-column-is-layout-flow\">\n<div class=\"wp-block-group imgvitrine eplus-wrapper\"><div class=\"wp-block-group__inner-container is-layout-constrained wp-block-group-is-layout-constrained\"><div class=\"wp-block-image eplus-wrapper\">\n<figure class=\"aligncenter size-large is-resized\"><a href=\"https:\/\/jizelatelier.sumupstore.com\/article\/carnet-a5-vin-nature-tournesols\" target=\"_blank\" rel=\"noreferrer noopener\"><img loading=\"lazy\" decoding=\"async\" width=\"1024\" height=\"1024\" src=\"https:\/\/www.jizelatelier.fr\/wp-content\/uploads\/2025\/11\/Mock-2-CAR-VIN-VEG-Tournesol-1024x1024.jpg\" alt=\"\" class=\"wp-image-4482\" style=\"width:239px;height:auto\" srcset=\"https:\/\/www.jizelatelier.fr\/wp-content\/uploads\/2025\/11\/Mock-2-CAR-VIN-VEG-Tournesol-1024x1024.jpg 1024w, https:\/\/www.jizelatelier.fr\/wp-content\/uploads\/2025\/11\/Mock-2-CAR-VIN-VEG-Tournesol-300x300.jpg 300w, https:\/\/www.jizelatelier.fr\/wp-content\/uploads\/2025\/11\/Mock-2-CAR-VIN-VEG-Tournesol-150x150.jpg 150w, https:\/\/www.jizelatelier.fr\/wp-content\/uploads\/2025\/11\/Mock-2-CAR-VIN-VEG-Tournesol-768x768.jpg 768w, https:\/\/www.jizelatelier.fr\/wp-content\/uploads\/2025\/11\/Mock-2-CAR-VIN-VEG-Tournesol-600x600.jpg 600w, https:\/\/www.jizelatelier.fr\/wp-content\/uploads\/2025\/11\/Mock-2-CAR-VIN-VEG-Tournesol.jpg 1181w\" sizes=\"auto, (max-width: 1024px) 100vw, 1024px\" \/><\/a><\/figure>\n<\/div>\n\n\n<h6 class=\"wp-block-heading has-text-align-center cartel eplus-wrapper has-black-color has-text-color has-link-color wp-elements-e43dfd81f1ef4fa90cd049353ca14b60\" style=\"font-size:12px;font-style:normal;font-weight:100\"><a href=\"https:\/\/jizelatelier.sumupstore.com\/article\/carnet-a5-vin-nature-tournesols\" data-type=\"page\" data-id=\"2441\" target=\"_blank\" rel=\"noreferrer noopener\">CARNET A5 &#8211; VIN NATURE, TOURNESOLS<\/a><\/h6>\n<\/div><\/div>\n\n\n\n<p class=\"has-text-align-center prix eplus-wrapper has-text-color has-link-color wp-elements-663e656ee759323c0feede687ad5ef28\" style=\"color:#37200bc4;font-size:17px\">15,00\u20ac<\/p>\n<\/div>\n\n\n\n<div class=\"wp-block-column eplus-wrapper is-layout-flow wp-block-column-is-layout-flow\">\n<div class=\"wp-block-group imgvitrine eplus-wrapper\"><div class=\"wp-block-group__inner-container is-layout-constrained wp-block-group-is-layout-constrained\"><div class=\"wp-block-image eplus-wrapper\">\n<figure class=\"aligncenter size-large is-resized\"><a href=\"https:\/\/jizelatelier.sumupstore.com\/article\/carnet-a5-vin-nature-tire-bouchon-de-gaulle-de-vitruve\" target=\"_blank\" rel=\"noreferrer noopener\"><img loading=\"lazy\" decoding=\"async\" width=\"1024\" height=\"1024\" src=\"https:\/\/www.jizelatelier.fr\/wp-content\/uploads\/2025\/11\/Mock-2-CAR-VIN-VIT-Tire-bouchon-1024x1024.jpg\" alt=\"\" class=\"wp-image-4483\" style=\"width:239px;height:auto\" srcset=\"https:\/\/www.jizelatelier.fr\/wp-content\/uploads\/2025\/11\/Mock-2-CAR-VIN-VIT-Tire-bouchon-1024x1024.jpg 1024w, https:\/\/www.jizelatelier.fr\/wp-content\/uploads\/2025\/11\/Mock-2-CAR-VIN-VIT-Tire-bouchon-300x300.jpg 300w, https:\/\/www.jizelatelier.fr\/wp-content\/uploads\/2025\/11\/Mock-2-CAR-VIN-VIT-Tire-bouchon-150x150.jpg 150w, https:\/\/www.jizelatelier.fr\/wp-content\/uploads\/2025\/11\/Mock-2-CAR-VIN-VIT-Tire-bouchon-768x768.jpg 768w, https:\/\/www.jizelatelier.fr\/wp-content\/uploads\/2025\/11\/Mock-2-CAR-VIN-VIT-Tire-bouchon-600x600.jpg 600w, https:\/\/www.jizelatelier.fr\/wp-content\/uploads\/2025\/11\/Mock-2-CAR-VIN-VIT-Tire-bouchon.jpg 1181w\" sizes=\"auto, (max-width: 1024px) 100vw, 1024px\" \/><\/a><\/figure>\n<\/div>\n\n\n<h6 class=\"wp-block-heading has-text-align-center cartel eplus-wrapper has-black-color has-text-color has-link-color wp-elements-6180018d0ac4e500f3871ad066c3f0a7\" style=\"font-size:12px;font-style:normal;font-weight:100\"><a href=\"https:\/\/jizelatelier.sumupstore.com\/article\/carnet-a5-vin-nature-tire-bouchon-de-gaulle-de-vitruve\" data-type=\"page\" data-id=\"2441\" target=\"_blank\" rel=\"noreferrer noopener\">CARNET A5 &#8211; VIN NATURE, TIRE BOUCHON DE GAULLE DE VITRUVE<\/a><\/h6>\n<\/div><\/div>\n\n\n\n<p class=\"has-text-align-center prix eplus-wrapper has-text-color has-link-color wp-elements-663e656ee759323c0feede687ad5ef28\" style=\"color:#37200bc4;font-size:17px\">15,00\u20ac<\/p>\n<\/div>\n\n\n\n<div class=\"wp-block-column eplus-wrapper is-layout-flow wp-block-column-is-layout-flow\">\n<p class=\"has-text-align-center prix eplus-wrapper has-text-color has-link-color wp-elements-77fa5b3cdfcdf083985fd182f85f1892\" style=\"color:#37200bc4;font-size:17px\"><\/p>\n<\/div>\n\n\n\n<div class=\"wp-block-column eplus-wrapper is-layout-flow wp-block-column-is-layout-flow\">\n<p class=\"has-text-align-center prix eplus-wrapper has-text-color has-link-color wp-elements-77fa5b3cdfcdf083985fd182f85f1892\" style=\"color:#37200bc4;font-size:17px\"><\/p>\n<\/div>\n<\/div>\n\n\n\n<p><\/p>\n","protected":false},"excerpt":{"rendered":"<p>CARNET A5 &#8211; BORD DE MER, INDIGO 15,00\u20ac CARNET A5 &#8211; BIGOUD\u00c8NE, LA P\u00caCHE 15,00\u20ac CARNET A5 &#8211; CAF\u00c9, \u00c9TOILE DU ROY 15,00\u20ac CARNET A5 &#8211; CAF\u00c9, HOMARD DE VITRUVE 15,00\u20ac CARNET A5 &#8211; VIN NATURE, TOURNESOLS 15,00\u20ac CARNET A5 &#8211; VIN NATURE, TIRE BOUCHON DE GAULLE DE VITRUVE 15,00\u20ac<\/p>\n","protected":false},"author":1,"featured_media":0,"parent":129,"menu_order":0,"comment_status":"closed","ping_status":"closed","template":"","meta":{"editor_plus_copied_stylings":"{}","footnotes":""},"class_list":["post-4039","page","type-page","status-publish","hentry"],"_links":{"self":[{"href":"https:\/\/www.jizelatelier.fr\/index.php\/wp-json\/wp\/v2\/pages\/4039","targetHints":{"allow":["GET"]}}],"collection":[{"href":"https:\/\/www.jizelatelier.fr\/index.php\/wp-json\/wp\/v2\/pages"}],"about":[{"href":"https:\/\/www.jizelatelier.fr\/index.php\/wp-json\/wp\/v2\/types\/page"}],"author":[{"embeddable":true,"href":"https:\/\/www.jizelatelier.fr\/index.php\/wp-json\/wp\/v2\/users\/1"}],"replies":[{"embeddable":true,"href":"https:\/\/www.jizelatelier.fr\/index.php\/wp-json\/wp\/v2\/comments?post=4039"}],"version-history":[{"count":19,"href":"https:\/\/www.jizelatelier.fr\/index.php\/wp-json\/wp\/v2\/pages\/4039\/revisions"}],"predecessor-version":[{"id":4581,"href":"https:\/\/www.jizelatelier.fr\/index.php\/wp-json\/wp\/v2\/pages\/4039\/revisions\/4581"}],"up":[{"embeddable":true,"href":"https:\/\/www.jizelatelier.fr\/index.php\/wp-json\/wp\/v2\/pages\/129"}],"wp:attachment":[{"href":"https:\/\/www.jizelatelier.fr\/index.php\/wp-json\/wp\/v2\/media?parent=4039"}],"curies":[{"name":"wp","href":"https:\/\/api.w.org\/{rel}","templated":true}]}}