{"id":3951,"date":"2024-02-20T13:13:24","date_gmt":"2024-02-20T12:13:24","guid":{"rendered":"https:\/\/www.jizelatelier.fr\/?page_id=3951"},"modified":"2026-01-30T18:39:37","modified_gmt":"2026-01-30T17:39:37","slug":"les-ateliers","status":"publish","type":"page","link":"https:\/\/www.jizelatelier.fr\/index.php\/les-ateliers\/","title":{"rendered":"Les Ateliers"},"content":{"rendered":"\n<div class=\"wp-block-cover is-light has-black-color has-text-color has-link-color wp-elements-8ba6204fae8971456fccfdfa9efa198c\"><img loading=\"lazy\" decoding=\"async\" width=\"2560\" height=\"1444\" class=\"wp-block-cover__image-background wp-image-3954\" alt=\"\" src=\"https:\/\/www.jizelatelier.fr\/wp-content\/uploads\/2024\/02\/DSC_2075-scaled.jpg\" style=\"object-position:52% 44%\" data-object-fit=\"cover\" data-object-position=\"52% 44%\" srcset=\"https:\/\/www.jizelatelier.fr\/wp-content\/uploads\/2024\/02\/DSC_2075-scaled.jpg 2560w, https:\/\/www.jizelatelier.fr\/wp-content\/uploads\/2024\/02\/DSC_2075-300x169.jpg 300w, https:\/\/www.jizelatelier.fr\/wp-content\/uploads\/2024\/02\/DSC_2075-1024x578.jpg 1024w, https:\/\/www.jizelatelier.fr\/wp-content\/uploads\/2024\/02\/DSC_2075-768x432.jpg 768w, https:\/\/www.jizelatelier.fr\/wp-content\/uploads\/2024\/02\/DSC_2075-1536x867.jpg 1536w, https:\/\/www.jizelatelier.fr\/wp-content\/uploads\/2024\/02\/DSC_2075-2048x1155.jpg 2048w, https:\/\/www.jizelatelier.fr\/wp-content\/uploads\/2024\/02\/DSC_2075-1160x653.jpg 1160w, https:\/\/www.jizelatelier.fr\/wp-content\/uploads\/2024\/02\/DSC_2075-600x339.jpg 600w\" sizes=\"auto, (max-width: 2560px) 100vw, 2560px\" \/><span aria-hidden=\"true\" class=\"wp-block-cover__background has-background-dim-40 has-background-dim\" style=\"background-color:#d2c6b7\"><\/span><div class=\"wp-block-cover__inner-container is-layout-constrained wp-block-cover-is-layout-constrained\">\n<h2 class=\"wp-block-heading has-text-align-center has-white-color has-text-color has-link-color wp-elements-ba7d760bcd76421877eb0de59e21da84\" style=\"font-size:77px\">Les Ateliers<\/h2>\n\n\n\n<p class=\"has-text-align-center has-white-color has-text-color has-link-color wp-elements-be13d23bf03ec6fd3a203e28bd2a1798\" style=\"font-size:37px\">Pour petits et grands<\/p>\n\n\n\n<p><\/p>\n<\/div><\/div>\n\n\n\n<div style=\"height:70px\" aria-hidden=\"true\" class=\"wp-block-spacer\"><\/div>\n\n\n\n<h3 class=\"wp-block-heading has-text-align-center has-medium-font-size\">De l&rsquo;initiation au niveau interm\u00e9diaire, je vous fais d\u00e9couvrir l&rsquo;univers aquarelle, par les techniques, le dessin et l&rsquo;approche des couleurs et des formes, autours de diverses th\u00e9matiques.<\/h3>\n\n\n\n<div style=\"height:70px\" aria-hidden=\"true\" class=\"wp-block-spacer\"><\/div>\n\n\n\n<h2 class=\"wp-block-heading has-text-align-center\">O\u00f9 retrouver les ateliers?<\/h2>\n\n\n\n<div class=\"wp-block-media-text is-stacked-on-mobile\"><figure class=\"wp-block-media-text__media\"><img loading=\"lazy\" decoding=\"async\" width=\"920\" height=\"1024\" src=\"https:\/\/www.jizelatelier.fr\/wp-content\/uploads\/2024\/11\/1.-LPO-Atelier-du-1109-1-920x1024.jpg\" alt=\"\" class=\"wp-image-4048 size-full\" srcset=\"https:\/\/www.jizelatelier.fr\/wp-content\/uploads\/2024\/11\/1.-LPO-Atelier-du-1109-1-920x1024.jpg 920w, https:\/\/www.jizelatelier.fr\/wp-content\/uploads\/2024\/11\/1.-LPO-Atelier-du-1109-1-270x300.jpg 270w, https:\/\/www.jizelatelier.fr\/wp-content\/uploads\/2024\/11\/1.-LPO-Atelier-du-1109-1-768x854.jpg 768w, https:\/\/www.jizelatelier.fr\/wp-content\/uploads\/2024\/11\/1.-LPO-Atelier-du-1109-1-600x667.jpg 600w, https:\/\/www.jizelatelier.fr\/wp-content\/uploads\/2024\/11\/1.-LPO-Atelier-du-1109-1.jpg 1316w\" sizes=\"auto, (max-width: 920px) 100vw, 920px\" \/><\/figure><div class=\"wp-block-media-text__content\">\n<h2 class=\"wp-block-heading\">La Petite Ourse<br>Boutique Atelier \u00e0 Saint-Malo<\/h2>\n\n\n\n<p>Sarah et Pierre, nous accueillent le temps d\u2019un atelier dans leur leur jolie boutique vintage.<\/p>\n\n\n\n<p>Ce lieu d\u00e9di\u00e9 \u00e0 l\u2019\u00e9veil culturel et \u00e0 l\u2019imaginaire des petits et grands, nous transmet de belles valeurs : le r\u00e9emploi et l\u2019\u00e9co-responsabilit\u00e9.<\/p>\n\n\n\n<div class=\"wp-block-buttons is-layout-flex wp-block-buttons-is-layout-flex\">\n<div class=\"wp-block-button eplus-wrapper is-style-outline is-style-outline--1\"><a class=\"wp-block-button__link has-black-color has-white-background-color has-text-color has-background has-link-color wp-element-button\" href=\"https:\/\/www.jizelatelier.fr\/index.php\/contacts\/\">Nous contacter pour les dates<\/a><\/div>\n<\/div>\n<\/div><\/div>\n\n\n\n<div class=\"wp-block-media-text has-media-on-the-right is-stacked-on-mobile\"><div class=\"wp-block-media-text__content\">\n<h2 class=\"wp-block-heading has-text-align-right\">Une excursion<br>haute en couleur avec Rance \u00c9vasion<\/h2>\n\n\n\n<p class=\"has-text-align-right\">Pendant que capitaine Lola navigue sur le canal, c&rsquo;est une source d&rsquo;inspiration \u00e0 port\u00e9e de pinceaux qui s&rsquo;ouvre \u00e0 nous. Nous vous proposons un atelier au fil de l&rsquo;eau, au cadre idyllique et dans la bonne humeur.<\/p>\n\n\n\n<div class=\"wp-block-buttons is-content-justification-right is-layout-flex wp-container-core-buttons-is-layout-765c4724 wp-block-buttons-is-layout-flex\">\n<div class=\"wp-block-button eplus-wrapper is-style-outline is-style-outline--2\"><a class=\"wp-block-button__link has-white-background-color has-background wp-element-button\" href=\"https:\/\/www.rance-evasion.fr\/index.php\/reservation-en-ligne\/\">R\u00e9server sur Rance Evasion<\/a><\/div>\n<\/div>\n<\/div><figure class=\"wp-block-media-text__media\"><img loading=\"lazy\" decoding=\"async\" width=\"900\" height=\"900\" src=\"https:\/\/www.jizelatelier.fr\/wp-content\/uploads\/2024\/11\/Groupe-2.jpg\" alt=\"\" class=\"wp-image-4050 size-full\" srcset=\"https:\/\/www.jizelatelier.fr\/wp-content\/uploads\/2024\/11\/Groupe-2.jpg 900w, https:\/\/www.jizelatelier.fr\/wp-content\/uploads\/2024\/11\/Groupe-2-300x300.jpg 300w, https:\/\/www.jizelatelier.fr\/wp-content\/uploads\/2024\/11\/Groupe-2-150x150.jpg 150w, https:\/\/www.jizelatelier.fr\/wp-content\/uploads\/2024\/11\/Groupe-2-768x768.jpg 768w, https:\/\/www.jizelatelier.fr\/wp-content\/uploads\/2024\/11\/Groupe-2-600x600.jpg 600w\" sizes=\"auto, (max-width: 900px) 100vw, 900px\" \/><\/figure><\/div>\n\n\n\n<div style=\"height:70px\" aria-hidden=\"true\" class=\"wp-block-spacer\"><\/div>\n\n\n\n<h2 class=\"wp-block-heading has-text-align-center\">Envie d&rsquo;organiser un atelier aquarelle? <\/h2>\n\n\n\n<div class=\"wp-block-buttons has-white-background-color has-background is-content-justification-center is-layout-flex wp-container-core-buttons-is-layout-16018d1d wp-block-buttons-is-layout-flex\">\n<div class=\"wp-block-button eplus-wrapper is-style-outline is-style-outline--3\"><a class=\"wp-block-button__link has-black-color has-white-background-color has-text-color has-background has-link-color wp-element-button\" href=\"https:\/\/www.jizelatelier.fr\/index.php\/contacts\/\">Contacter<\/a><\/div>\n<\/div>\n","protected":false},"excerpt":{"rendered":"<p>De l&rsquo;initiation au niveau interm\u00e9diaire, je vous fais d\u00e9couvrir l&rsquo;univers aquarelle, par les techniques, le dessin et l&rsquo;approche des couleurs et des formes, autours de diverses th\u00e9matiques. O\u00f9 retrouver les ateliers? Envie d&rsquo;organiser un atelier aquarelle?<\/p>\n","protected":false},"author":1,"featured_media":0,"parent":0,"menu_order":0,"comment_status":"closed","ping_status":"closed","template":"","meta":{"editor_plus_copied_stylings":"{}","footnotes":""},"class_list":["post-3951","page","type-page","status-publish","hentry"],"_links":{"self":[{"href":"https:\/\/www.jizelatelier.fr\/index.php\/wp-json\/wp\/v2\/pages\/3951","targetHints":{"allow":["GET"]}}],"collection":[{"href":"https:\/\/www.jizelatelier.fr\/index.php\/wp-json\/wp\/v2\/pages"}],"about":[{"href":"https:\/\/www.jizelatelier.fr\/index.php\/wp-json\/wp\/v2\/types\/page"}],"author":[{"embeddable":true,"href":"https:\/\/www.jizelatelier.fr\/index.php\/wp-json\/wp\/v2\/users\/1"}],"replies":[{"embeddable":true,"href":"https:\/\/www.jizelatelier.fr\/index.php\/wp-json\/wp\/v2\/comments?post=3951"}],"version-history":[{"count":23,"href":"https:\/\/www.jizelatelier.fr\/index.php\/wp-json\/wp\/v2\/pages\/3951\/revisions"}],"predecessor-version":[{"id":4979,"href":"https:\/\/www.jizelatelier.fr\/index.php\/wp-json\/wp\/v2\/pages\/3951\/revisions\/4979"}],"wp:attachment":[{"href":"https:\/\/www.jizelatelier.fr\/index.php\/wp-json\/wp\/v2\/media?parent=3951"}],"curies":[{"name":"wp","href":"https:\/\/api.w.org\/{rel}","templated":true}]}}