{"id":37,"date":"2022-12-14T12:28:15","date_gmt":"2022-12-14T11:28:15","guid":{"rendered":"http:\/\/jizelaa.cluster031.hosting.ovh.net\/?page_id=37"},"modified":"2026-03-25T03:09:54","modified_gmt":"2026-03-25T02:09:54","slug":"home","status":"publish","type":"page","link":"https:\/\/www.jizelatelier.fr\/","title":{"rendered":"Home"},"content":{"rendered":"\t\t<div class='wp-block-bsb-slider alignfull' id='bsbCarousel-5577c974-0' data-attributes='{&quot;align&quot;:&quot;full&quot;,&quot;cId&quot;:&quot;5577c974-0&quot;,&quot;sliders&quot;:[{&quot;img&quot;:{&quot;id&quot;:4601,&quot;url&quot;:&quot;https:\\\/\\\/www.jizelatelier.fr\\\/wp-content\\\/uploads\\\/2025\\\/11\\\/B-CP-ET-A4-OK.jpg&quot;,&quot;alt&quot;:&quot;&quot;,&quot;title&quot;:&quot;&quot;},&quot;title&quot;:&quot;&quot;,&quot;desc&quot;:&quot;Des inspirations d\\u00e9licates et po\\u00e9tiques pour vos int\\u00e9rieurs.&quot;},{&quot;img&quot;:{&quot;id&quot;:4569,&quot;url&quot;:&quot;https:\\\/\\\/www.jizelatelier.fr\\\/wp-content\\\/uploads\\\/2025\\\/11\\\/B-Calendrier.jpg&quot;,&quot;alt&quot;:&quot;&quot;,&quot;title&quot;:&quot;B-Calendrier&quot;},&quot;title&quot;:&quot;Calendrier 2026 disponible sur la boutique en ligne&quot;,&quot;desc&quot;:&quot;&quot;},{&quot;img&quot;:{&quot;id&quot;:1426,&quot;url&quot;:&quot;https:\\\/\\\/www.jizelatelier.fr\\\/wp-content\\\/uploads\\\/2023\\\/09\\\/Home-Banniere-MP2V5.jpg&quot;,&quot;alt&quot;:&quot;&quot;,&quot;title&quot;:&quot;Home - Bannie\\u0300re - MP2V5&quot;},&quot;title&quot;:&quot;Collection Bigoud\\u00e8ne&quot;,&quot;desc&quot;:&quot;&quot;},{&quot;img&quot;:{&quot;id&quot;:4611,&quot;url&quot;:&quot;https:\\\/\\\/www.jizelatelier.fr\\\/wp-content\\\/uploads\\\/2025\\\/11\\\/B-MP-2.jpg&quot;,&quot;alt&quot;:&quot;&quot;,&quot;title&quot;:&quot;B-MP 2&quot;},&quot;title&quot;:&quot;Collection Vin Nature&quot;,&quot;desc&quot;:&quot;&quot;},{&quot;img&quot;:{&quot;id&quot;:4613,&quot;url&quot;:&quot;https:\\\/\\\/www.jizelatelier.fr\\\/wp-content\\\/uploads\\\/2025\\\/11\\\/B-carnet-mp-et-cp-2.jpg&quot;,&quot;alt&quot;:&quot;&quot;,&quot;title&quot;:&quot;B-carnet mp et cp 2&quot;},&quot;title&quot;:&quot;&quot;,&quot;desc&quot;:&quot;Du marque page aux affiches en passant par les cartes postales et les carnets, Jizel vous propose des formats pour toutes les envies.&quot;},{&quot;img&quot;:{&quot;id&quot;:4582,&quot;url&quot;:&quot;https:\\\/\\\/www.jizelatelier.fr\\\/wp-content\\\/uploads\\\/2025\\\/11\\\/B-P10.jpg&quot;,&quot;alt&quot;:&quot;&quot;,&quot;title&quot;:&quot;B-P10&quot;},&quot;title&quot;:&quot;Du 500 au 1000 pi\\u00e8ces, Jizel vous propose de jolis puzzles, de quoi se casser la t\\u00eate entre amis, en famille ou en solo.&quot;,&quot;desc&quot;:&quot;&quot;}],&quot;titleTypo&quot;:{&quot;fontSize&quot;:35,&quot;fontWeight&quot;:400,&quot;lineHeight&quot;:&quot;180%&quot;,&quot;fontFamily&quot;:&quot;Adamina&quot;,&quot;fontCategory&quot;:&quot;serif&quot;,&quot;fontVariant&quot;:400,&quot;letterSpace&quot;:&quot;3px&quot;},&quot;titleColor&quot;:&quot;rgba(0, 0, 0, 1)&quot;,&quot;titleMargin&quot;:{&quot;top&quot;:&quot;5px&quot;,&quot;right&quot;:&quot;0px&quot;,&quot;bottom&quot;:&quot;80px&quot;,&quot;left&quot;:&quot;500px&quot;},&quot;descTypo&quot;:{&quot;fontSize&quot;:14,&quot;fontWeight&quot;:400,&quot;lineHeight&quot;:&quot;180%&quot;,&quot;fontFamily&quot;:&quot;Adamina&quot;,&quot;fontCategory&quot;:&quot;serif&quot;,&quot;fontVariant&quot;:400,&quot;letterSpace&quot;:&quot;3px&quot;},&quot;descColor&quot;:&quot;rgba(0, 0, 0, 1)&quot;,&quot;descMargin&quot;:{&quot;top&quot;:&quot;0px&quot;,&quot;right&quot;:&quot;500px&quot;,&quot;bottom&quot;:&quot;80px&quot;,&quot;left&quot;:&quot;0px&quot;},&quot;arrow&quot;:{&quot;color&quot;:&quot;#000&quot;,&quot;bg&quot;:&quot;transparent&quot;,&quot;size&quot;:23,&quot;visibility&quot;:true,&quot;bgType&quot;:&quot;solid&quot;,&quot;gradient&quot;:&quot;linear-gradient(135deg, #4527a4, #8344c5)&quot;,&quot;styles&quot;:&quot;color: #000; background: transparent;&quot;},&quot;indicator&quot;:{&quot;visibility&quot;:true,&quot;style&quot;:&quot;dot&quot;,&quot;color&quot;:&quot;#000&quot;,&quot;activeColor&quot;:&quot;#fff&quot;,&quot;width&quot;:&quot;10px&quot;,&quot;height&quot;:&quot;10px&quot;,&quot;radius&quot;:&quot;50%&quot;},&quot;SliderOverly&quot;:&quot;rgba(249, 231, 218, 0)&quot;,&quot;options&quot;:{&quot;interval&quot;:3000,&quot;ride&quot;:true,&quot;pause&quot;:true,&quot;height&quot;:400},&quot;animation&quot;:&quot;carousel-fade&quot;,&quot;height&quot;:&quot;600px&quot;,&quot;borderRadius&quot;:{&quot;top&quot;:&quot;0px&quot;,&quot;bottom&quot;:&quot;0px&quot;,&quot;left&quot;:&quot;0px&quot;,&quot;right&quot;:&quot;0px&quot;},&quot;arrowWidth&quot;:&quot;50px&quot;,&quot;arrowHeight&quot;:&quot;50px&quot;,&quot;arrowRadius&quot;:{&quot;top&quot;:&quot;3px&quot;,&quot;bottom&quot;:&quot;3px&quot;,&quot;left&quot;:&quot;3px&quot;,&quot;right&quot;:&quot;3px&quot;},&quot;position&quot;:{&quot;top&quot;:&quot;default&quot;,&quot;bottom&quot;:&quot;&quot;}}'><\/div>\r\n\r\n\t\t\n\n\n<div style=\"height:57px\" aria-hidden=\"true\" class=\"wp-block-spacer eplus-wrapper\"><\/div>\n\n\n\n<h1 class=\"wp-block-heading has-text-align-center eplus-wrapper has-text-color has-x-large-font-size\" style=\"color:#1e1210;font-style:normal;font-weight:100;text-transform:none\">Papeterie d\u00e9licate et po\u00e9tique<\/h1>\n\n\n\n<div style=\"height:26px\" aria-hidden=\"true\" class=\"wp-block-spacer eplus-wrapper\"><\/div>\n\n\n\n<hr class=\"wp-block-separator has-text-color has-alpha-channel-opacity has-background is-style-default eplus-wrapper\" style=\"background-color:#bfab8fb0;color:#bfab8fb0\"\/>\n\n\n\n<h2 class=\"wp-block-heading has-text-align-center\" style=\"font-size:30px\">Entre peinture vin,<br>caf\u00e9 et aquarelle&#8230;<\/h2>\n\n\n\n<h2 class=\"wp-block-heading has-text-align-center eplus-wrapper has-medium-font-size\">D\u00e9couvrez cette papeterie de qualit\u00e9 et responsable,<br>inspir\u00e9e du monde qui nous entoure avec une touche d&rsquo;originalit\u00e9 et de po\u00e9sie.<\/h2>\n\n\n\n<div style=\"height:26px\" aria-hidden=\"true\" class=\"wp-block-spacer eplus-wrapper\"><\/div>\n\n\n\n<hr class=\"wp-block-separator has-text-color has-alpha-channel-opacity has-background is-style-default eplus-wrapper\" style=\"background-color:#bfab8fb0;color:#bfab8fb0\"\/>\n\n\n\n<h2 class=\"wp-block-heading has-text-align-center eplus-wrapper has-text-color has-large-font-size\" style=\"color:#1e1210;font-style:normal;font-weight:100;text-transform:none\">Les salons et march\u00e9s 2026<\/h2>\n\n\n\n<p class=\"has-text-align-center has-medium-font-size\"><strong>LYON &#8211; EUREXPO (69)<br>Salon des Vignerons Ind\u00e9pendants de France<br>06 au 08 Mars<\/strong><\/p>\n\n\n\n<p class=\"has-text-align-center has-medium-font-size\"><strong>CHAMB\u00c9RY &#8211; SAVOIEXPO (73)<br>Salon Printania<br>10 au 13 Avril<\/strong><\/p>\n\n\n\n<p class=\"has-text-align-center has-medium-font-size\"><strong>LES ANGLES-AVIGNONS &#8211; FORUM DES ANGLES (30)<br>Salon des vins et de la gastronomie<br>18 et 19 Avril<\/strong><\/p>\n\n\n\n<p class=\"has-text-align-center has-medium-font-size\"><strong>BEAUREPAIRE (38)<br>Salon du vin et de la gastronomie<br>25 et 26 Avril<\/strong><\/p>\n\n\n\n<p class=\"has-text-align-center has-medium-font-size\"><strong>ERQUY &#8211; BOULEVARD DE LA MER (22)<br><strong>MARCH\u00c9 CR\u00c9ATEURS <\/strong><br>26 Juillet<\/strong><\/p>\n\n\n\n<p class=\"has-text-align-center has-medium-font-size\"><strong>ANNECY-LE-VIEUX (74)<br><strong>SALON MER ET VIGNE <\/strong><br>16 au 18 Octobre<\/strong><\/p>\n\n\n\n<div style=\"height:70px\" aria-hidden=\"true\" class=\"wp-block-spacer eplus-wrapper\"><\/div>\n\n\n\n<div class=\"wp-block-columns eplus-wrapper is-layout-flex wp-container-core-columns-is-layout-9d6595d7 wp-block-columns-is-layout-flex\">\n<div class=\"wp-block-column eplus-wrapper is-layout-flow wp-block-column-is-layout-flow\" style=\"flex-basis:100%\">\n<div class=\"wp-block-cover alignfull is-light has-parallax is-position-center-center eplus-wrapper\" style=\"min-height:462px;aspect-ratio:unset;\"><div class=\"wp-block-cover__image-background wp-image-4669 size-full has-parallax\" style=\"background-position:50% 50%;background-image:url(https:\/\/www.jizelatelier.fr\/wp-content\/uploads\/2025\/11\/Tache-vin.png)\"><\/div><span aria-hidden=\"true\" class=\"wp-block-cover__background has-white-background-color has-background-dim-10 has-background-dim\"><\/span><div class=\"wp-block-cover__inner-container is-layout-flow wp-block-cover-is-layout-flow\">\n<div class=\"wp-block-columns eplus-wrapper is-layout-flex wp-container-core-columns-is-layout-9d6595d7 wp-block-columns-is-layout-flex\">\n<div class=\"wp-block-column is-vertically-aligned-center eplus-wrapper is-layout-flow wp-block-column-is-layout-flow\">\n<h2 class=\"wp-block-heading has-text-align-center eplus-wrapper\" style=\"font-size:38px\">Peinture au vin<\/h2>\n\n\n\n<div style=\"height:18px\" aria-hidden=\"true\" class=\"wp-block-spacer eplus-wrapper\"><\/div>\n\n\n\n<p class=\"has-text-align-center has-medium-font-size\" style=\"font-style:normal;font-weight:100\">Le vin est un produit brut et naturel.<\/p>\n\n\n\n<p class=\"has-text-align-center\" style=\"font-style:normal;font-weight:100\">C\u2019est ainsi que je l\u2019utilise, brut de raisin sur mon papier, par respect pour la passion et le travail des vigneron-ne-s.<\/p>\n\n\n\n<p class=\"has-text-align-center\" style=\"font-style:normal;font-weight:100\"><a href=\"https:\/\/www.jizelatelier.fr\/index.php\/a-propos\/\" data-type=\"page\" data-id=\"154\">En savoir plus&#8230;<\/a><\/p>\n<\/div>\n\n\n\n<div class=\"wp-block-column eplus-wrapper is-layout-flow wp-block-column-is-layout-flow\"><div class=\"wp-block-image is-style-rounded\">\n<figure class=\"aligncenter size-large\"><img loading=\"lazy\" decoding=\"async\" width=\"1024\" height=\"1024\" src=\"https:\/\/www.jizelatelier.fr\/wp-content\/uploads\/2025\/11\/VN1-1024x1024.jpg\" alt=\"\" class=\"wp-image-4670\" srcset=\"https:\/\/www.jizelatelier.fr\/wp-content\/uploads\/2025\/11\/VN1-1024x1024.jpg 1024w, https:\/\/www.jizelatelier.fr\/wp-content\/uploads\/2025\/11\/VN1-300x300.jpg 300w, https:\/\/www.jizelatelier.fr\/wp-content\/uploads\/2025\/11\/VN1-150x150.jpg 150w, https:\/\/www.jizelatelier.fr\/wp-content\/uploads\/2025\/11\/VN1-768x769.jpg 768w, https:\/\/www.jizelatelier.fr\/wp-content\/uploads\/2025\/11\/VN1-1536x1536.jpg 1536w, https:\/\/www.jizelatelier.fr\/wp-content\/uploads\/2025\/11\/VN1-2046x2048.jpg 2046w, https:\/\/www.jizelatelier.fr\/wp-content\/uploads\/2025\/11\/VN1-600x601.jpg 600w\" sizes=\"auto, (max-width: 1024px) 100vw, 1024px\" \/><\/figure>\n<\/div><\/div>\n<\/div>\n<\/div><\/div>\n<\/div>\n<\/div>\n\n\n\n<div class=\"wp-block-columns eplus-wrapper is-layout-flex wp-container-core-columns-is-layout-9d6595d7 wp-block-columns-is-layout-flex\">\n<div class=\"wp-block-column eplus-wrapper is-layout-flow wp-block-column-is-layout-flow\" style=\"flex-basis:100%\">\n<div class=\"wp-block-cover alignfull is-light has-parallax is-position-center-center eplus-wrapper\" style=\"min-height:462px;aspect-ratio:unset;\"><div class=\"wp-block-cover__image-background wp-image-4669 size-full has-parallax\" style=\"background-position:50% 50%;background-image:url(https:\/\/www.jizelatelier.fr\/wp-content\/uploads\/2025\/11\/Tache-vin.png)\"><\/div><span aria-hidden=\"true\" class=\"wp-block-cover__background has-white-background-color has-background-dim-10 has-background-dim\"><\/span><div class=\"wp-block-cover__inner-container is-layout-flow wp-block-cover-is-layout-flow\">\n<p class=\"has-text-align-center has-medium-font-size\">Vous les attendiez&#8230;<br><strong>Les nuanciers des couleurs des Vins Nature sont arriv\u00e9s en 2 versions et 3 formats<\/strong><\/p>\n\n\n\n<div class=\"wp-block-columns is-layout-flex wp-container-core-columns-is-layout-9d6595d7 wp-block-columns-is-layout-flex\">\n<div class=\"wp-block-column eplus-wrapper is-layout-flow wp-block-column-is-layout-flow\">\n<div class=\"wp-block-group imgvitrine eplus-wrapper\"><div class=\"wp-block-group__inner-container is-layout-constrained wp-block-group-is-layout-constrained\"><div class=\"wp-block-image eplus-wrapper is-style-rounded\">\n<figure class=\"aligncenter size-full is-resized\"><a href=\"https:\/\/www.jizelatelier.fr\/index.php\/la-papeterie\/les-affiches-a4\/\"><img loading=\"lazy\" decoding=\"async\" width=\"2560\" height=\"2558\" src=\"https:\/\/www.jizelatelier.fr\/wp-content\/uploads\/2026\/03\/MOCK1-A4-VIN-NUA-1-Nuancier-vin-1-scaled.jpg\" alt=\"\" class=\"wp-image-5058\" style=\"width:239px;height:auto\" srcset=\"https:\/\/www.jizelatelier.fr\/wp-content\/uploads\/2026\/03\/MOCK1-A4-VIN-NUA-1-Nuancier-vin-1-scaled.jpg 2560w, https:\/\/www.jizelatelier.fr\/wp-content\/uploads\/2026\/03\/MOCK1-A4-VIN-NUA-1-Nuancier-vin-1-300x300.jpg 300w, https:\/\/www.jizelatelier.fr\/wp-content\/uploads\/2026\/03\/MOCK1-A4-VIN-NUA-1-Nuancier-vin-1-1024x1024.jpg 1024w\" sizes=\"auto, (max-width: 2560px) 100vw, 2560px\" \/><\/a><\/figure>\n<\/div>\n\n\n<h6 class=\"wp-block-heading has-text-align-center cartel eplus-wrapper has-black-color has-text-color has-link-color wp-elements-28304e4ec387c8e3f55cc66aec6a3dc2\" style=\"font-size:15px;font-style:normal;font-weight:100\"><a href=\"https:\/\/www.jizelatelier.fr\/index.php\/la-papeterie\/les-affiches-a4\/\" data-type=\"page\" data-id=\"5101\">LES AFFICHES A4<\/a><\/h6>\n<\/div><\/div>\n<\/div>\n\n\n\n<div class=\"wp-block-column eplus-wrapper is-layout-flow wp-block-column-is-layout-flow\">\n<div class=\"wp-block-group imgvitrine eplus-wrapper\"><div class=\"wp-block-group__inner-container is-layout-constrained wp-block-group-is-layout-constrained\"><div class=\"wp-block-image eplus-wrapper is-style-rounded\">\n<figure class=\"aligncenter size-full is-resized\"><a href=\"https:\/\/www.jizelatelier.fr\/index.php\/la-papeterie\/les-affiches-30x40\/\"><img loading=\"lazy\" decoding=\"async\" width=\"2560\" height=\"2560\" src=\"https:\/\/www.jizelatelier.fr\/wp-content\/uploads\/2026\/03\/MOCK-30x40-VIN-NUA-16-2.jpg\" alt=\"\" class=\"wp-image-5073\" style=\"width:239px;height:auto\" srcset=\"https:\/\/www.jizelatelier.fr\/wp-content\/uploads\/2026\/03\/MOCK-30x40-VIN-NUA-16-2.jpg 2560w, https:\/\/www.jizelatelier.fr\/wp-content\/uploads\/2026\/03\/MOCK-30x40-VIN-NUA-16-2-300x300.jpg 300w, https:\/\/www.jizelatelier.fr\/wp-content\/uploads\/2026\/03\/MOCK-30x40-VIN-NUA-16-2-1024x1024.jpg 1024w, https:\/\/www.jizelatelier.fr\/wp-content\/uploads\/2026\/03\/MOCK-30x40-VIN-NUA-16-2-150x150.jpg 150w, https:\/\/www.jizelatelier.fr\/wp-content\/uploads\/2026\/03\/MOCK-30x40-VIN-NUA-16-2-768x768.jpg 768w, https:\/\/www.jizelatelier.fr\/wp-content\/uploads\/2026\/03\/MOCK-30x40-VIN-NUA-16-2-1536x1536.jpg 1536w, https:\/\/www.jizelatelier.fr\/wp-content\/uploads\/2026\/03\/MOCK-30x40-VIN-NUA-16-2-2048x2048.jpg 2048w, https:\/\/www.jizelatelier.fr\/wp-content\/uploads\/2026\/03\/MOCK-30x40-VIN-NUA-16-2-600x600.jpg 600w\" sizes=\"auto, (max-width: 2560px) 100vw, 2560px\" \/><\/a><\/figure>\n<\/div>\n\n\n<h6 class=\"wp-block-heading has-text-align-center cartel eplus-wrapper has-black-color has-text-color has-link-color wp-elements-50ec0710e1f5fc0d3fa2421ffb4a8e95\" style=\"font-size:15px;font-style:normal;font-weight:100\"><a href=\"https:\/\/www.jizelatelier.fr\/inahttps:\/\/www.jizelatelier.fr\/index.php\/la-papeterie\/les-affiches-30x40\/dex.php\/la-papeterie\/les-puzzles\/\" data-type=\"page\" data-id=\"4032\" target=\"_blank\" rel=\"noreferrer noopener\">LES AFFICHES 30&#215;40<\/a><\/h6>\n<\/div><\/div>\n<\/div>\n\n\n\n<div class=\"wp-block-column eplus-wrapper is-layout-flow wp-block-column-is-layout-flow\">\n<div class=\"wp-block-group imgvitrine eplus-wrapper\"><div class=\"wp-block-group__inner-container is-layout-constrained wp-block-group-is-layout-constrained\"><div class=\"wp-block-image eplus-wrapper is-style-rounded\">\n<figure class=\"aligncenter size-full is-resized\"><a href=\"https:\/\/www.jizelatelier.fr\/index.php\/la-papeterie\/les-affiches-40x50\/\"><img loading=\"lazy\" decoding=\"async\" width=\"1584\" height=\"1584\" src=\"https:\/\/www.jizelatelier.fr\/wp-content\/uploads\/2026\/03\/MOCK-40x50-VIN-NUA-2-Nuancier-2.jpg\" alt=\"\" class=\"wp-image-5087\" style=\"width:239px;height:auto\" srcset=\"https:\/\/www.jizelatelier.fr\/wp-content\/uploads\/2026\/03\/MOCK-40x50-VIN-NUA-2-Nuancier-2.jpg 1584w, https:\/\/www.jizelatelier.fr\/wp-content\/uploads\/2026\/03\/MOCK-40x50-VIN-NUA-2-Nuancier-2-300x300.jpg 300w, https:\/\/www.jizelatelier.fr\/wp-content\/uploads\/2026\/03\/MOCK-40x50-VIN-NUA-2-Nuancier-2-1024x1024.jpg 1024w, https:\/\/www.jizelatelier.fr\/wp-content\/uploads\/2026\/03\/MOCK-40x50-VIN-NUA-2-Nuancier-2-150x150.jpg 150w, https:\/\/www.jizelatelier.fr\/wp-content\/uploads\/2026\/03\/MOCK-40x50-VIN-NUA-2-Nuancier-2-768x768.jpg 768w, https:\/\/www.jizelatelier.fr\/wp-content\/uploads\/2026\/03\/MOCK-40x50-VIN-NUA-2-Nuancier-2-1536x1536.jpg 1536w, https:\/\/www.jizelatelier.fr\/wp-content\/uploads\/2026\/03\/MOCK-40x50-VIN-NUA-2-Nuancier-2-600x600.jpg 600w\" sizes=\"auto, (max-width: 1584px) 100vw, 1584px\" \/><\/a><\/figure>\n<\/div>\n\n\n<h6 class=\"wp-block-heading has-text-align-center cartel eplus-wrapper has-black-color has-text-color has-link-color wp-elements-ef4264db434bf8eb669298b7129ff4ce\" style=\"font-size:15px;font-style:normal;font-weight:100\"><a href=\"https:\/\/www.jizelatelier.fr\/index.php\/la-papeterie\/les-affiches-40x50\/\" data-type=\"page\" data-id=\"4032\" target=\"_blank\" rel=\"noreferrer noopener\">LES AFFICHES 40&#215;50<\/a><\/h6>\n<\/div><\/div>\n<\/div>\n<\/div>\n<\/div><\/div>\n<\/div>\n<\/div>\n\n\n\n<div style=\"height:67px\" aria-hidden=\"true\" class=\"wp-block-spacer eplus-wrapper\"><\/div>\n\n\n\n<div class=\"wp-block-columns eplus-wrapper is-layout-flex wp-container-core-columns-is-layout-9d6595d7 wp-block-columns-is-layout-flex\">\n<div class=\"wp-block-column eplus-wrapper is-layout-flow wp-block-column-is-layout-flow\"><div class=\"wp-block-image eplus-wrapper\">\n<figure class=\"aligncenter size-full is-resized\"><img loading=\"lazy\" decoding=\"async\" width=\"300\" height=\"300\" src=\"https:\/\/jizelaa.cluster031.hosting.ovh.net\/wp-content\/uploads\/2023\/09\/Home-Cercle-Format.png\" alt=\"\" class=\"wp-image-1432\" style=\"object-fit:cover;width:215px;height:215px\" srcset=\"https:\/\/www.jizelatelier.fr\/wp-content\/uploads\/2023\/09\/Home-Cercle-Format.png 300w, https:\/\/www.jizelatelier.fr\/wp-content\/uploads\/2023\/09\/Home-Cercle-Format-150x150.png 150w\" sizes=\"auto, (max-width: 300px) 100vw, 300px\" \/><\/figure>\n<\/div>\n\n\n<h2 class=\"wp-block-heading alignwide has-text-align-center eplus-wrapper\" style=\"font-size:25px;font-style:normal;font-weight:200\">Des formats et des couleurs pour toutes les envies<\/h2>\n\n\n\n<p class=\"has-text-align-center eplus-wrapper\" style=\"font-size:16px;font-style:normal;font-weight:200\">Vous retrouver un large choix d&rsquo;illustration d\u00e9clin\u00e9 en divers formats pour satisfaire toutes vos envies.<\/p>\n<\/div>\n\n\n\n<div class=\"wp-block-column eplus-wrapper is-layout-flow wp-block-column-is-layout-flow\"><div class=\"wp-block-image eplus-wrapper is-style-rounded\">\n<figure class=\"aligncenter size-full is-resized\"><img loading=\"lazy\" decoding=\"async\" width=\"2560\" height=\"2560\" src=\"https:\/\/www.jizelatelier.fr\/wp-content\/uploads\/2025\/11\/MADE-IN-FRANCE-2-02-scaled.png\" alt=\"\" class=\"wp-image-4636\" style=\"object-fit:cover;width:215px;height:215px\" srcset=\"https:\/\/www.jizelatelier.fr\/wp-content\/uploads\/2025\/11\/MADE-IN-FRANCE-2-02-scaled.png 2560w, https:\/\/www.jizelatelier.fr\/wp-content\/uploads\/2025\/11\/MADE-IN-FRANCE-2-02-300x300.png 300w\" sizes=\"auto, (max-width: 2560px) 100vw, 2560px\" \/><\/figure>\n<\/div>\n\n\n<h2 class=\"wp-block-heading alignwide has-text-align-center eplus-wrapper\" style=\"font-size:25px;font-style:normal;font-weight:200\">Fait avec amour<br>en France<\/h2>\n\n\n\n<p class=\"has-text-align-center eplus-wrapper\" style=\"font-size:16px;font-style:normal;font-weight:200\">Parce qu&rsquo;il est important de favoriser les circuits courts et de revaloriser le travail local, toutes les illustrations sont r\u00e9alis\u00e9es, con\u00e7ues et imprim\u00e9es avec amour quelque part en France.<\/p>\n<\/div>\n\n\n\n<div class=\"wp-block-column eplus-wrapper is-layout-flow wp-block-column-is-layout-flow\"><div class=\"wp-block-image eplus-wrapper\">\n<figure class=\"aligncenter size-full is-resized\"><img loading=\"lazy\" decoding=\"async\" width=\"300\" height=\"300\" src=\"https:\/\/jizelaa.cluster031.hosting.ovh.net\/wp-content\/uploads\/2023\/09\/Home-Cercle-Sur-Mesure.png\" alt=\"\" class=\"wp-image-1431\" style=\"object-fit:cover;width:215px;height:215px\" srcset=\"https:\/\/www.jizelatelier.fr\/wp-content\/uploads\/2023\/09\/Home-Cercle-Sur-Mesure.png 300w, https:\/\/www.jizelatelier.fr\/wp-content\/uploads\/2023\/09\/Home-Cercle-Sur-Mesure-150x150.png 150w\" sizes=\"auto, (max-width: 300px) 100vw, 300px\" \/><\/figure>\n<\/div>\n\n\n<h2 class=\"wp-block-heading alignwide has-text-align-center eplus-wrapper\" style=\"font-size:25px;font-style:normal;font-weight:200\">Sur-mesure,<br>rien que pour vous<\/h2>\n\n\n\n<p class=\"has-text-align-center eplus-wrapper\" style=\"font-size:16px;font-style:normal;font-weight:200\">Tout est possible, il suffit de demander.<\/p>\n\n\n\n<div class=\"wp-block-buttons eplus-wrapper is-content-justification-center is-layout-flex wp-container-core-buttons-is-layout-16018d1d wp-block-buttons-is-layout-flex\">\n<div class=\"wp-block-button has-custom-width wp-block-button__width-50 eplus-wrapper is-style-outline is-style-outline--1\"><button type=\"button\" class=\"wp-block-button__link has-black-color has-white-background-color has-text-color has-background has-link-color has-custom-font-size wp-element-button\" style=\"font-size:16px;font-style:normal;font-weight:200\">Contacter<\/button><\/div>\n<\/div>\n<\/div>\n<\/div>\n\n\n\n<div style=\"height:75px\" aria-hidden=\"true\" class=\"wp-block-spacer eplus-wrapper\"><\/div>\n","protected":false},"excerpt":{"rendered":"<p>Papeterie d\u00e9licate et po\u00e9tique Entre peinture vin,caf\u00e9 et aquarelle&#8230; D\u00e9couvrez cette papeterie de qualit\u00e9 et responsable,inspir\u00e9e du monde qui nous entoure avec une touche d&rsquo;originalit\u00e9 et de po\u00e9sie. Les salons et march\u00e9s 2026 LYON &#8211; EUREXPO (69)Salon des Vignerons Ind\u00e9pendants de France06 au 08 Mars CHAMB\u00c9RY &#8211; SAVOIEXPO (73)Salon Printania10 au 13 Avril LES ANGLES-AVIGNONS [&hellip;]<\/p>\n","protected":false},"author":1,"featured_media":0,"parent":0,"menu_order":0,"comment_status":"closed","ping_status":"closed","template":"","meta":{"editor_plus_copied_stylings":"{}","footnotes":""},"class_list":["post-37","page","type-page","status-publish","hentry"],"_links":{"self":[{"href":"https:\/\/www.jizelatelier.fr\/index.php\/wp-json\/wp\/v2\/pages\/37","targetHints":{"allow":["GET"]}}],"collection":[{"href":"https:\/\/www.jizelatelier.fr\/index.php\/wp-json\/wp\/v2\/pages"}],"about":[{"href":"https:\/\/www.jizelatelier.fr\/index.php\/wp-json\/wp\/v2\/types\/page"}],"author":[{"embeddable":true,"href":"https:\/\/www.jizelatelier.fr\/index.php\/wp-json\/wp\/v2\/users\/1"}],"replies":[{"embeddable":true,"href":"https:\/\/www.jizelatelier.fr\/index.php\/wp-json\/wp\/v2\/comments?post=37"}],"version-history":[{"count":238,"href":"https:\/\/www.jizelatelier.fr\/index.php\/wp-json\/wp\/v2\/pages\/37\/revisions"}],"predecessor-version":[{"id":5147,"href":"https:\/\/www.jizelatelier.fr\/index.php\/wp-json\/wp\/v2\/pages\/37\/revisions\/5147"}],"wp:attachment":[{"href":"https:\/\/www.jizelatelier.fr\/index.php\/wp-json\/wp\/v2\/media?parent=37"}],"curies":[{"name":"wp","href":"https:\/\/api.w.org\/{rel}","templated":true}]}}