{"id":3035,"date":"2023-11-23T22:05:11","date_gmt":"2023-11-23T21:05:11","guid":{"rendered":"https:\/\/www.jizelatelier.fr\/?page_id=3035"},"modified":"2023-11-26T19:14:47","modified_gmt":"2023-11-26T18:14:47","slug":"droits-dauteur","status":"publish","type":"page","link":"https:\/\/www.jizelatelier.fr\/index.php\/home\/droits-dauteur\/","title":{"rendered":"Droits d&rsquo;auteur"},"content":{"rendered":"\n<h2 class=\" wp-block-heading eplus-wrapper\">Droits d&rsquo;auteur<\/h2>\n\n\n\n<p class=\"pagepiedepage eplus-wrapper\" style=\"font-size:13px\">L&rsquo;entreprise Jizel Atelier repr\u00e9sent\u00e9e par Julie Zuber est propri\u00e9taire des droits de propri\u00e9t\u00e9 intellectuelle et d\u00e9tient les droits d\u2019usage sur tous les \u00e9l\u00e9ments accessibles sur le site internet, notamment les textes, images, graphismes, logos, vid\u00e9os, architecture, ic\u00f4nes et sons. <br><br>Toute reproduction, repr\u00e9sentation, modification, publication, adaptation de tout ou partie des \u00e9l\u00e9ments du site, quel que soit le moyen ou le proc\u00e9d\u00e9 utilis\u00e9, est interdite, sauf autorisation \u00e9crite pr\u00e9alable de Julie Zuber. <br>Toute exploitation non autoris\u00e9e du site ou de l\u2019un quelconque des \u00e9l\u00e9ments qu\u2019il contient sera consid\u00e9r\u00e9e comme constitutive d\u2019une contrefa\u00e7on et poursuivie conform\u00e9ment aux dispositions des articles L.335-2 et suivants du Code de Propri\u00e9t\u00e9 Intellectuelle.<br><br>Le site Internet www.jizelatelier.fr a pour objet de fournir des informations relatives aux activit\u00e9s de la soci\u00e9t\u00e9 Jizel Atelier. Julie Zuber s&rsquo;efforce de fournir des informations aussi pr\u00e9cises que possible. Cependant, elle n&rsquo;assume aucune responsabilit\u00e9 pour les omissions, les inexactitudes et les d\u00e9fauts dans les mises \u00e0 jour, qu&rsquo;ils soient caus\u00e9s par elle-m\u00eame ou par des partenaires tiers fournissant ces informations. Toutes les informations pr\u00e9sent\u00e9es sur le site www.jizelatelier.fr sont donn\u00e9es \u00e0 titre indicatif et sont susceptibles d&rsquo;\u00e9voluer.<\/p>\n","protected":false},"excerpt":{"rendered":"<p>Droits d&rsquo;auteur L&rsquo;entreprise Jizel Atelier repr\u00e9sent\u00e9e par Julie Zuber est propri\u00e9taire des droits de propri\u00e9t\u00e9 intellectuelle et d\u00e9tient les droits d\u2019usage sur tous les \u00e9l\u00e9ments accessibles sur le site internet, notamment les textes, images, graphismes, logos, vid\u00e9os, architecture, ic\u00f4nes et sons. Toute reproduction, repr\u00e9sentation, modification, publication, adaptation de tout ou partie des \u00e9l\u00e9ments du site, [&hellip;]<\/p>\n","protected":false},"author":1,"featured_media":0,"parent":37,"menu_order":0,"comment_status":"closed","ping_status":"closed","template":"","meta":{"editor_plus_copied_stylings":"{}","footnotes":""},"class_list":["post-3035","page","type-page","status-publish","hentry"],"_links":{"self":[{"href":"https:\/\/www.jizelatelier.fr\/index.php\/wp-json\/wp\/v2\/pages\/3035","targetHints":{"allow":["GET"]}}],"collection":[{"href":"https:\/\/www.jizelatelier.fr\/index.php\/wp-json\/wp\/v2\/pages"}],"about":[{"href":"https:\/\/www.jizelatelier.fr\/index.php\/wp-json\/wp\/v2\/types\/page"}],"author":[{"embeddable":true,"href":"https:\/\/www.jizelatelier.fr\/index.php\/wp-json\/wp\/v2\/users\/1"}],"replies":[{"embeddable":true,"href":"https:\/\/www.jizelatelier.fr\/index.php\/wp-json\/wp\/v2\/comments?post=3035"}],"version-history":[{"count":6,"href":"https:\/\/www.jizelatelier.fr\/index.php\/wp-json\/wp\/v2\/pages\/3035\/revisions"}],"predecessor-version":[{"id":3241,"href":"https:\/\/www.jizelatelier.fr\/index.php\/wp-json\/wp\/v2\/pages\/3035\/revisions\/3241"}],"up":[{"embeddable":true,"href":"https:\/\/www.jizelatelier.fr\/index.php\/wp-json\/wp\/v2\/pages\/37"}],"wp:attachment":[{"href":"https:\/\/www.jizelatelier.fr\/index.php\/wp-json\/wp\/v2\/media?parent=3035"}],"curies":[{"name":"wp","href":"https:\/\/api.w.org\/{rel}","templated":true}]}}