{"id":3031,"date":"2023-11-23T22:03:57","date_gmt":"2023-11-23T21:03:57","guid":{"rendered":"https:\/\/www.jizelatelier.fr\/?page_id=3031"},"modified":"2023-11-26T19:31:29","modified_gmt":"2023-11-26T18:31:29","slug":"livraisons-cgv","status":"publish","type":"page","link":"https:\/\/www.jizelatelier.fr\/index.php\/home\/livraisons-cgv\/","title":{"rendered":"Livraison &#038; CGV"},"content":{"rendered":"\n<h2 class=\" wp-block-heading eplus-wrapper\">Livraison<\/h2>\n\n\n\n<p class=\"pagepiedepage eplus-wrapper\" style=\"font-size:13px\">Les livraisons se font par lettres suivies ou par colissimo, partout en France m\u00e9tropolitaine. De cette mani\u00e8re vous pouvez suivre vos colis depuis leur exp\u00e9dition jusqu&rsquo;\u00e0 chez vous.<br><br>Le tarif des frais de port d\u00e9pendra du poids de votre commande,  il peut varier de 5,00\u20ac \u00e0 7,00\u20ac.<br>Toute les commandes sont livr\u00e9es \u00e0 l&rsquo;adresse que vous indiquez. <br><br>Livraison offerte \u00e0 partir de 70\u20ac d&rsquo;achat. <br><br>Les marques-pages et les cartes postales sont envoy\u00e9s par lettre suivies dans une enveloppe renforc\u00e9e.<br>Les affiches sont envoy\u00e9es roul\u00e9es dans des tubes an cartons par colissimo. <\/p>\n\n\n\n<h2 class=\" wp-block-heading eplus-wrapper\">Conditions G\u00e9n\u00e9rales de vente<\/h2>\n\n\n\n<p class=\" eplus-wrapper\">Vous pouvez acc\u00e9der aux conditions g\u00e9n\u00e9rales de vente directement via la <a href=\"https:\/\/www.etsy.com\/fr\/shop\/JIZELAtelier?ref=seller-platform-mcnav#policies\">boutique<\/a> sur le site d&rsquo;etsy.<\/p>\n","protected":false},"excerpt":{"rendered":"<p>Livraison Les livraisons se font par lettres suivies ou par colissimo, partout en France m\u00e9tropolitaine. De cette mani\u00e8re vous pouvez suivre vos colis depuis leur exp\u00e9dition jusqu&rsquo;\u00e0 chez vous. Le tarif des frais de port d\u00e9pendra du poids de votre commande, il peut varier de 5,00\u20ac \u00e0 7,00\u20ac.Toute les commandes sont livr\u00e9es \u00e0 l&rsquo;adresse que [&hellip;]<\/p>\n","protected":false},"author":1,"featured_media":0,"parent":37,"menu_order":0,"comment_status":"closed","ping_status":"closed","template":"","meta":{"editor_plus_copied_stylings":"{}","footnotes":""},"class_list":["post-3031","page","type-page","status-publish","hentry"],"_links":{"self":[{"href":"https:\/\/www.jizelatelier.fr\/index.php\/wp-json\/wp\/v2\/pages\/3031","targetHints":{"allow":["GET"]}}],"collection":[{"href":"https:\/\/www.jizelatelier.fr\/index.php\/wp-json\/wp\/v2\/pages"}],"about":[{"href":"https:\/\/www.jizelatelier.fr\/index.php\/wp-json\/wp\/v2\/types\/page"}],"author":[{"embeddable":true,"href":"https:\/\/www.jizelatelier.fr\/index.php\/wp-json\/wp\/v2\/users\/1"}],"replies":[{"embeddable":true,"href":"https:\/\/www.jizelatelier.fr\/index.php\/wp-json\/wp\/v2\/comments?post=3031"}],"version-history":[{"count":11,"href":"https:\/\/www.jizelatelier.fr\/index.php\/wp-json\/wp\/v2\/pages\/3031\/revisions"}],"predecessor-version":[{"id":3251,"href":"https:\/\/www.jizelatelier.fr\/index.php\/wp-json\/wp\/v2\/pages\/3031\/revisions\/3251"}],"up":[{"embeddable":true,"href":"https:\/\/www.jizelatelier.fr\/index.php\/wp-json\/wp\/v2\/pages\/37"}],"wp:attachment":[{"href":"https:\/\/www.jizelatelier.fr\/index.php\/wp-json\/wp\/v2\/media?parent=3031"}],"curies":[{"name":"wp","href":"https:\/\/api.w.org\/{rel}","templated":true}]}}