{"id":154,"date":"2022-12-14T19:17:00","date_gmt":"2022-12-14T18:17:00","guid":{"rendered":"http:\/\/jizelaa.cluster031.hosting.ovh.net\/?page_id=154"},"modified":"2026-03-25T02:00:10","modified_gmt":"2026-03-25T01:00:10","slug":"a-propos","status":"publish","type":"page","link":"https:\/\/www.jizelatelier.fr\/index.php\/a-propos\/","title":{"rendered":"\u00c0 Propos"},"content":{"rendered":"\n<h2 class=\"wp-block-heading has-text-align-center\">\u00c0 Propos<\/h2>\n\n\n\n<hr class=\"wp-block-separator has-text-color has-alpha-channel-opacity has-background\" style=\"background-color:#bfab8fb0;color:#bfab8fb0\"\/>\n\n\n\n<div class=\"wp-block-columns is-layout-flex wp-container-core-columns-is-layout-9d6595d7 wp-block-columns-is-layout-flex\">\n<div class=\"wp-block-column is-vertically-aligned-center is-layout-flow wp-block-column-is-layout-flow\" style=\"flex-basis:33.33%\">\n<figure class=\"wp-block-image size-large is-resized is-style-rounded\"><img loading=\"lazy\" decoding=\"async\" width=\"2560\" height=\"2560\" src=\"https:\/\/www.jizelatelier.fr\/wp-content\/uploads\/2025\/11\/Photo-jizel-3-edited-scaled.jpg\" alt=\"\" class=\"wp-image-4844\" style=\"width:351px;height:auto\" srcset=\"https:\/\/www.jizelatelier.fr\/wp-content\/uploads\/2025\/11\/Photo-jizel-3-edited-scaled.jpg 2560w, https:\/\/www.jizelatelier.fr\/wp-content\/uploads\/2025\/11\/Photo-jizel-3-edited-300x300.jpg 300w, https:\/\/www.jizelatelier.fr\/wp-content\/uploads\/2025\/11\/Photo-jizel-3-edited-1024x1024.jpg 1024w, https:\/\/www.jizelatelier.fr\/wp-content\/uploads\/2025\/11\/Photo-jizel-3-edited-150x150.jpg 150w, https:\/\/www.jizelatelier.fr\/wp-content\/uploads\/2025\/11\/Photo-jizel-3-edited-768x768.jpg 768w, https:\/\/www.jizelatelier.fr\/wp-content\/uploads\/2025\/11\/Photo-jizel-3-edited-1536x1536.jpg 1536w, https:\/\/www.jizelatelier.fr\/wp-content\/uploads\/2025\/11\/Photo-jizel-3-edited-2048x2048.jpg 2048w, https:\/\/www.jizelatelier.fr\/wp-content\/uploads\/2025\/11\/Photo-jizel-3-edited-600x600.jpg 600w\" sizes=\"auto, (max-width: 2560px) 100vw, 2560px\" \/><\/figure>\n<\/div>\n\n\n\n<div class=\"wp-block-column is-layout-flow wp-block-column-is-layout-flow\" style=\"flex-basis:66.66%\">\n<h2 class=\"wp-block-heading has-text-align-center has-medium-font-size\"><br>Bienvenue dans l\u2019univers de cette papeterie d\u00e9licate et po\u00e9tique.<\/h2>\n\n\n\n<p class=\"has-text-align-center\" style=\"font-style:normal;font-weight:100\">Je m\u2019appelle Julie, je suis artiste aquarelliste.<br>Je suis comme qui dirait, n\u00e9e avec la fibre cr\u00e9ative, c\u2019est une passion depuis toujours, cr\u00e9er et imaginer. Il \u00e9tait donc \u00e9vident d\u2019en faire mon m\u00e9tier. Les exp\u00e9riences de la vie et la d\u00e9couverte de l\u2019aquarelle m\u2019ont aid\u00e9 \u00e0 forger une identit\u00e9 artistique qui m\u2019a naturellement men\u00e9 vers une id\u00e9e, celle de cr\u00e9er une marque de papeterie \u00e0 mon image.<br><br>C\u2019est donc en 2023, que Jizel Atelier voit le jour.<br><br>Jizel Atelier, c\u2019est avant tout une papeterie de qualit\u00e9 et responsable.<br>Toutes les illustrations sont peintes, con\u00e7ues et imprim\u00e9es quelque part en France.<br><\/p>\n<\/div>\n<\/div>\n\n\n\n<div style=\"height:50px\" aria-hidden=\"true\" class=\"wp-block-spacer\"><\/div>\n\n\n\n<p class=\"has-text-align-center\" style=\"font-style:normal;font-weight:100\"><br>Je suis entre mer et montagne, je navigue entre les r\u00e9gions Bretagne et Rh\u00f4ne-Alpes.<\/p>\n\n\n\n<p class=\"has-text-align-center\" style=\"font-style:normal;font-weight:100\"><br>Les d\u00e9buts de Jizel se sont tout d\u2019abord inspir\u00e9s du bord de mer malouin, puis au fil du temps, mon activit\u00e9 s\u2019est d\u00e9velopp\u00e9e autrement. Par une petite maladresse d\u2019artiste, un verre de vin renvers\u00e9 sur une peinture. C\u2019est \u00e0 ce moment l\u00e0 que tout un monde c\u2019est ouvert \u00e0 moi, celui du vin. Je me suis mise \u00e0 exp\u00e9rimenter cette pratique, m\u00ealer aquarelle et mati\u00e8res naturelles.<\/p>\n\n\n\n<div style=\"height:106px\" aria-hidden=\"true\" class=\"wp-block-spacer\"><\/div>\n\n\n\n<div class=\"wp-block-columns is-layout-flex wp-container-core-columns-is-layout-9d6595d7 wp-block-columns-is-layout-flex\">\n<div class=\"wp-block-column is-layout-flow wp-block-column-is-layout-flow\" style=\"flex-basis:66.66%\">\n<p class=\"has-text-align-center\" style=\"font-style:normal;font-weight:100\"><br>Peindre avec du <strong>vin<\/strong>, c\u2019est peindre avec du <strong>vivant<\/strong>. Tout comme l\u2019aquarelle, peindre avec du vivant c\u2019est peindre en acceptant une part d\u2019impr\u00e9visibilit\u00e9 car les couleurs des vins \u00e9voluent avec le temps. Et il est \u00e9tonnant de voir la <strong>diversit\u00e9 des nuances<\/strong> qu\u2019offre le vin. Les couleurs varient selon plusieurs facteurs, tel que le c\u00e9page, le mill\u00e9sime, le processus de vinification\u2026<br><br>Une v\u00e9ritable source d\u2019inspiration&#8230;<br><br>C\u2019est ainsi que j\u2019ai commenc\u00e9 \u00e0 m\u00ealer aquarelle, vin et caf\u00e9.<\/p>\n<\/div>\n\n\n\n<div class=\"wp-block-column is-vertically-aligned-center is-layout-flow wp-block-column-is-layout-flow\" style=\"flex-basis:33.33%\">\n<figure class=\"wp-block-image size-large is-style-rounded\"><img loading=\"lazy\" decoding=\"async\" width=\"1896\" height=\"1896\" src=\"https:\/\/www.jizelatelier.fr\/wp-content\/uploads\/2025\/11\/nuancier-vn-edited.jpg\" alt=\"\" class=\"wp-image-4862\" srcset=\"https:\/\/www.jizelatelier.fr\/wp-content\/uploads\/2025\/11\/nuancier-vn-edited.jpg 1896w, https:\/\/www.jizelatelier.fr\/wp-content\/uploads\/2025\/11\/nuancier-vn-edited-300x300.jpg 300w, https:\/\/www.jizelatelier.fr\/wp-content\/uploads\/2025\/11\/nuancier-vn-edited-1024x1024.jpg 1024w, https:\/\/www.jizelatelier.fr\/wp-content\/uploads\/2025\/11\/nuancier-vn-edited-150x150.jpg 150w, https:\/\/www.jizelatelier.fr\/wp-content\/uploads\/2025\/11\/nuancier-vn-edited-768x768.jpg 768w, https:\/\/www.jizelatelier.fr\/wp-content\/uploads\/2025\/11\/nuancier-vn-edited-1536x1536.jpg 1536w, https:\/\/www.jizelatelier.fr\/wp-content\/uploads\/2025\/11\/nuancier-vn-edited-600x600.jpg 600w\" sizes=\"auto, (max-width: 1896px) 100vw, 1896px\" \/><\/figure>\n<\/div>\n<\/div>\n\n\n\n<div class=\"wp-block-columns is-layout-flex wp-container-core-columns-is-layout-9d6595d7 wp-block-columns-is-layout-flex\">\n<div class=\"wp-block-column is-vertically-aligned-center is-layout-flow wp-block-column-is-layout-flow\" style=\"flex-basis:33.33%\">\n<figure class=\"wp-block-image size-large is-style-rounded\"><img loading=\"lazy\" decoding=\"async\" width=\"576\" height=\"1024\" src=\"https:\/\/www.jizelatelier.fr\/wp-content\/uploads\/2026\/01\/PXL_20260130_165325030-576x1024.jpg\" alt=\"\" class=\"wp-image-4937\" style=\"aspect-ratio:1;object-fit:cover\" srcset=\"https:\/\/www.jizelatelier.fr\/wp-content\/uploads\/2026\/01\/PXL_20260130_165325030-576x1024.jpg 576w, https:\/\/www.jizelatelier.fr\/wp-content\/uploads\/2026\/01\/PXL_20260130_165325030-169x300.jpg 169w, https:\/\/www.jizelatelier.fr\/wp-content\/uploads\/2026\/01\/PXL_20260130_165325030-768x1365.jpg 768w, https:\/\/www.jizelatelier.fr\/wp-content\/uploads\/2026\/01\/PXL_20260130_165325030-864x1536.jpg 864w, https:\/\/www.jizelatelier.fr\/wp-content\/uploads\/2026\/01\/PXL_20260130_165325030-1152x2048.jpg 1152w, https:\/\/www.jizelatelier.fr\/wp-content\/uploads\/2026\/01\/PXL_20260130_165325030-600x1067.jpg 600w, https:\/\/www.jizelatelier.fr\/wp-content\/uploads\/2026\/01\/PXL_20260130_165325030-scaled.jpg 1440w\" sizes=\"auto, (max-width: 576px) 100vw, 576px\" \/><\/figure>\n<\/div>\n\n\n\n<div class=\"wp-block-column is-vertically-aligned-center is-layout-flow wp-block-column-is-layout-flow\" style=\"flex-basis:66.66%\">\n<h2 class=\"wp-block-heading has-text-align-center has-medium-font-size\">Ma r\u00e9colte d&rsquo;\u00e9chantillons<\/h2>\n\n\n\n<p class=\"has-text-align-center\">Rassurez vous je ne bois pas toutes les bouteilles que j&rsquo;\u00e9chantillonne. Car il est n\u00e9cessaire de le rappeler, l&rsquo;abus d&rsquo;alcool est dangereux pour la sant\u00e9.<br>Non, je r\u00e9cup\u00e8re seulement des \u00e9chantillons que je r\u00e9colte aupr\u00e8s de cavistes, bars \u00e0 vin ou directement \u00e0 la source chez les vigneron-nes. Bien sur c&rsquo;est aussi l&rsquo;occasion de les d\u00e9guster et d&rsquo;en apprendre plus sur les caract\u00e8res de chaque vin. Et il est fascinant d&rsquo;\u00e9couter des passionn\u00e9s du vin, c&rsquo;est une belle source d&rsquo;apprentissage.<\/p>\n<\/div>\n<\/div>\n\n\n\n<div class=\"wp-block-columns is-layout-flex wp-container-core-columns-is-layout-9d6595d7 wp-block-columns-is-layout-flex\">\n<div class=\"wp-block-column is-layout-flow wp-block-column-is-layout-flow\" style=\"flex-basis:66.66%\">\n<h2 class=\"wp-block-heading has-text-align-center has-medium-font-size\"><br><br><strong>Mais le vin, c\u2019est quoi?<\/strong><\/h2>\n\n\n\n<p class=\"has-text-align-center\" style=\"font-style:normal;font-weight:100\">Le vin repr\u00e9sente bien plus qu&rsquo;une simple boisson. C&rsquo;est une incitation \u00e0 l&rsquo;exploration, un aper\u00e7u de l&rsquo;histoire, un lien avec le monde naturel. Pour un grand nombre, il incarne des \u00e9motions, un \u00e9quilibre et surtout du partage. Mais qu&rsquo;est-ce que le vin et quel est son proc\u00e9d\u00e9 de fabrication ? <\/p>\n\n\n\n<p class=\"has-text-align-center\" style=\"font-style:normal;font-weight:100\">Avant tout, le vin est le produit issu de la fermentation du jus de raisin. En d&rsquo;autres termes, c&rsquo;est le processus qui se produit lorsque des levures transforme le sucre pr\u00e9sent dans le raisin en alcool. Ce processus naturel, exploit\u00e9 par des viticulteurs depuis des milliers d&rsquo;ann\u00e9es, cr\u00e9e une boisson pleine de saveur, d&rsquo;ar\u00f4mes et de nuances.<\/p>\n\n\n\n<p class=\"has-text-align-center\" style=\"font-style:normal;font-weight:100\">Ce produit, fruit de la combinaison du climat, du sol et de l&rsquo;expertise humaine, est distinctif \u00e0 chaque r\u00e9gion et ann\u00e9e de production. C&rsquo;est la raison pour laquelle chaque bouteille de vin narre une histoire unique.<\/p>\n\n\n\n<p class=\"has-text-align-center\" style=\"font-size:16px\"><strong>Un produit brut et naturel.<\/strong><br><br><strong>C\u2019est ainsi que je l\u2019utilise, brut de raisin sur mon papier. Peindre avec du vin c\u2019est aussi s\u2019inscrire dans une d\u00e9marche engag\u00e9e, respectueuse de la nature et du travail des vignerons et vigneronnes.<\/strong><\/p>\n\n\n\n<p class=\"has-text-align-center\" style=\"font-style:normal;font-weight:100\">Pour mettre en avant leur travail, il est indiqu\u00e9 sur chaque verso des reproductions, tous les renseignements des vins utilis\u00e9s (cuv\u00e9e, mill\u00e9sime, domaine, vigneron-ne-s)<br><\/p>\n<\/div>\n\n\n\n<div class=\"wp-block-column is-vertically-aligned-center is-layout-flow wp-block-column-is-layout-flow\" style=\"flex-basis:33.33%\">\n<figure class=\"wp-block-image size-large is-resized is-style-rounded\"><img loading=\"lazy\" decoding=\"async\" width=\"862\" height=\"1532\" src=\"https:\/\/www.jizelatelier.fr\/wp-content\/uploads\/2025\/11\/Save-water-paint-wine3-edited.jpg\" alt=\"\" class=\"wp-image-4879\" style=\"width:299px;height:auto\" srcset=\"https:\/\/www.jizelatelier.fr\/wp-content\/uploads\/2025\/11\/Save-water-paint-wine3-edited.jpg 862w, https:\/\/www.jizelatelier.fr\/wp-content\/uploads\/2025\/11\/Save-water-paint-wine3-edited-169x300.jpg 169w, https:\/\/www.jizelatelier.fr\/wp-content\/uploads\/2025\/11\/Save-water-paint-wine3-edited-576x1024.jpg 576w, https:\/\/www.jizelatelier.fr\/wp-content\/uploads\/2025\/11\/Save-water-paint-wine3-edited-768x1365.jpg 768w, https:\/\/www.jizelatelier.fr\/wp-content\/uploads\/2025\/11\/Save-water-paint-wine3-edited-600x1066.jpg 600w\" sizes=\"auto, (max-width: 862px) 100vw, 862px\" \/><\/figure>\n<\/div>\n<\/div>\n\n\n\n<div style=\"height:100px\" aria-hidden=\"true\" class=\"wp-block-spacer\"><\/div>\n\n\n\n<h2 class=\"wp-block-heading has-text-align-center\">Mon parcours<\/h2>\n\n\n\n<hr class=\"wp-block-separator has-text-color has-alpha-channel-opacity has-background\" style=\"background-color:#bfab8fb0;color:#bfab8fb0\"\/>\n\n\n\n<p class=\"has-text-align-center\">Licence Arts-Plastiques<br>Universit\u00e9 Jean Monnet, Saint \u00c9tienne<br><em>2012-2015<\/em><\/p>\n\n\n\n<p class=\"has-text-align-center\">Master Design de Communication<br>Iram, T\u00e9l\u00e9com, Saint \u00c9tienne<br><em>2015-2017<\/em><\/p>\n\n\n\n<p><\/p>\n","protected":false},"excerpt":{"rendered":"<p>\u00c0 Propos Bienvenue dans l\u2019univers de cette papeterie d\u00e9licate et po\u00e9tique. Je m\u2019appelle Julie, je suis artiste aquarelliste.Je suis comme qui dirait, n\u00e9e avec la fibre cr\u00e9ative, c\u2019est une passion depuis toujours, cr\u00e9er et imaginer. Il \u00e9tait donc \u00e9vident d\u2019en faire mon m\u00e9tier. Les exp\u00e9riences de la vie et la d\u00e9couverte de l\u2019aquarelle m\u2019ont aid\u00e9 [&hellip;]<\/p>\n","protected":false},"author":1,"featured_media":0,"parent":0,"menu_order":0,"comment_status":"closed","ping_status":"closed","template":"","meta":{"editor_plus_copied_stylings":"{}","footnotes":""},"class_list":["post-154","page","type-page","status-publish","hentry"],"_links":{"self":[{"href":"https:\/\/www.jizelatelier.fr\/index.php\/wp-json\/wp\/v2\/pages\/154","targetHints":{"allow":["GET"]}}],"collection":[{"href":"https:\/\/www.jizelatelier.fr\/index.php\/wp-json\/wp\/v2\/pages"}],"about":[{"href":"https:\/\/www.jizelatelier.fr\/index.php\/wp-json\/wp\/v2\/types\/page"}],"author":[{"embeddable":true,"href":"https:\/\/www.jizelatelier.fr\/index.php\/wp-json\/wp\/v2\/users\/1"}],"replies":[{"embeddable":true,"href":"https:\/\/www.jizelatelier.fr\/index.php\/wp-json\/wp\/v2\/comments?post=154"}],"version-history":[{"count":54,"href":"https:\/\/www.jizelatelier.fr\/index.php\/wp-json\/wp\/v2\/pages\/154\/revisions"}],"predecessor-version":[{"id":4990,"href":"https:\/\/www.jizelatelier.fr\/index.php\/wp-json\/wp\/v2\/pages\/154\/revisions\/4990"}],"wp:attachment":[{"href":"https:\/\/www.jizelatelier.fr\/index.php\/wp-json\/wp\/v2\/media?parent=154"}],"curies":[{"name":"wp","href":"https:\/\/api.w.org\/{rel}","templated":true}]}}