{"id":129,"date":"2022-12-14T19:10:32","date_gmt":"2022-12-14T18:10:32","guid":{"rendered":"http:\/\/jizelaa.cluster031.hosting.ovh.net\/?page_id=129"},"modified":"2026-03-25T02:14:31","modified_gmt":"2026-03-25T01:14:31","slug":"la-papeterie","status":"publish","type":"page","link":"https:\/\/www.jizelatelier.fr\/index.php\/la-papeterie\/","title":{"rendered":"La Papeterie"},"content":{"rendered":"\n<div class=\"wp-block-cover alignfull is-light eplus-wrapper has-black-color has-text-color has-link-color wp-elements-4bad9aeb600b469d190552652802636e\" style=\"min-height:367px;aspect-ratio:unset;\"><img loading=\"lazy\" decoding=\"async\" width=\"1565\" height=\"800\" class=\"wp-block-cover__image-background wp-image-5114 size-full\" alt=\"\" src=\"https:\/\/www.jizelatelier.fr\/wp-content\/uploads\/2026\/03\/B-Papeterie-1.jpg\" data-object-fit=\"cover\" srcset=\"https:\/\/www.jizelatelier.fr\/wp-content\/uploads\/2026\/03\/B-Papeterie-1.jpg 1565w, https:\/\/www.jizelatelier.fr\/wp-content\/uploads\/2026\/03\/B-Papeterie-1-300x153.jpg 300w, https:\/\/www.jizelatelier.fr\/wp-content\/uploads\/2026\/03\/B-Papeterie-1-1024x523.jpg 1024w, https:\/\/www.jizelatelier.fr\/wp-content\/uploads\/2026\/03\/B-Papeterie-1-768x393.jpg 768w, https:\/\/www.jizelatelier.fr\/wp-content\/uploads\/2026\/03\/B-Papeterie-1-1536x785.jpg 1536w, https:\/\/www.jizelatelier.fr\/wp-content\/uploads\/2026\/03\/B-Papeterie-1-600x307.jpg 600w\" sizes=\"auto, (max-width: 1565px) 100vw, 1565px\" \/><span aria-hidden=\"true\" class=\"wp-block-cover__background has-white-background-color has-background-dim-0 has-background-dim\"><\/span><div class=\"wp-block-cover__inner-container is-layout-flow wp-block-cover-is-layout-flow\">\n<div class=\"wp-block-columns eplus-wrapper is-layout-flex wp-container-core-columns-is-layout-9d6595d7 wp-block-columns-is-layout-flex\">\n<div class=\"wp-block-column eplus-wrapper is-layout-flow wp-block-column-is-layout-flow\"><\/div>\n\n\n\n<div class=\"wp-block-column eplus-wrapper is-layout-flow wp-block-column-is-layout-flow\"><h2 class=\"has-text-align-center alignwide  wp-block-post-title\">La Papeterie<\/h2>\n\n\n<h5 class=\"wp-block-heading has-text-align-center eplus-wrapper\" style=\"font-size:25px\">D\u00e9couvrez une jolie papeterie \u00e0 l&rsquo;inspiration d\u00e9licate et po\u00e9tique<\/h5>\n\n\n\n<p><\/p>\n\n\n\n<p class=\"has-text-align-center\"><strong><strong>Il y en a pour toutes les envies.<\/strong><\/strong><br><br>Le marque-page pour ne pas perdre le fil de l&rsquo;histoire.<br>Les cartes postales pour envoyer des mots doux.<br>Les affiches pour offrir ou d\u00e9corer votre nid douillet.<br>Les carnets pour \u00e9crire de jolies histoire ou croquer sur le vif.<br>Et le calendrier pour ne pas perdre le fil des jours.<br><\/p>\n\n\n\n<div style=\"height:10px\" aria-hidden=\"true\" class=\"wp-block-spacer eplus-wrapper\"><\/div>\n\n\n\n<div class=\"wp-block-buttons eplus-wrapper is-content-justification-center is-layout-flex wp-container-core-buttons-is-layout-16018d1d wp-block-buttons-is-layout-flex\">\n<div class=\"wp-block-button is-style-outline eplus-wrapper is-style-outline--1\"><a class=\"wp-block-button__link has-custom-font-size wp-element-button\" href=\"https:\/\/jizelatelier.sumupstore.com\/page\/les-puzzles\" style=\"font-size:17px;font-style:normal;font-weight:100\" target=\"_blank\" rel=\"noreferrer noopener\">Go to shop<\/a><\/div>\n<\/div>\n<\/div>\n<\/div>\n<\/div><\/div>\n\n\n\n<div style=\"height:100px\" aria-hidden=\"true\" class=\"wp-block-spacer\"><\/div>\n\n\n\n<div class=\"wp-block-columns is-layout-flex wp-container-core-columns-is-layout-9d6595d7 wp-block-columns-is-layout-flex\">\n<div class=\"wp-block-column eplus-wrapper is-layout-flow wp-block-column-is-layout-flow\">\n<div class=\"wp-block-group imgvitrine eplus-wrapper\"><div class=\"wp-block-group__inner-container is-layout-constrained wp-block-group-is-layout-constrained\"><div class=\"wp-block-image eplus-wrapper is-style-rounded\">\n<figure class=\"aligncenter size-full is-resized\"><a href=\"https:\/\/www.jizelatelier.fr\/index.php\/la-papeterie\/les-marques-pages\/\"><img loading=\"lazy\" decoding=\"async\" width=\"1880\" height=\"1880\" src=\"https:\/\/www.jizelatelier.fr\/wp-content\/uploads\/2025\/11\/MOCK7-MP-VIN-BDM-Bord-de-mer-vin-et-cafe.jpg\" alt=\"\" class=\"wp-image-4272\" style=\"width:239px;height:auto\" srcset=\"https:\/\/www.jizelatelier.fr\/wp-content\/uploads\/2025\/11\/MOCK7-MP-VIN-BDM-Bord-de-mer-vin-et-cafe.jpg 1880w, https:\/\/www.jizelatelier.fr\/wp-content\/uploads\/2025\/11\/MOCK7-MP-VIN-BDM-Bord-de-mer-vin-et-cafe-300x300.jpg 300w, https:\/\/www.jizelatelier.fr\/wp-content\/uploads\/2025\/11\/MOCK7-MP-VIN-BDM-Bord-de-mer-vin-et-cafe-1024x1024.jpg 1024w, https:\/\/www.jizelatelier.fr\/wp-content\/uploads\/2025\/11\/MOCK7-MP-VIN-BDM-Bord-de-mer-vin-et-cafe-150x150.jpg 150w, https:\/\/www.jizelatelier.fr\/wp-content\/uploads\/2025\/11\/MOCK7-MP-VIN-BDM-Bord-de-mer-vin-et-cafe-768x768.jpg 768w, https:\/\/www.jizelatelier.fr\/wp-content\/uploads\/2025\/11\/MOCK7-MP-VIN-BDM-Bord-de-mer-vin-et-cafe-1536x1536.jpg 1536w, https:\/\/www.jizelatelier.fr\/wp-content\/uploads\/2025\/11\/MOCK7-MP-VIN-BDM-Bord-de-mer-vin-et-cafe-600x600.jpg 600w\" sizes=\"auto, (max-width: 1880px) 100vw, 1880px\" \/><\/a><\/figure>\n<\/div>\n\n\n<h6 class=\"wp-block-heading has-text-align-center cartel eplus-wrapper has-black-color has-text-color has-link-color wp-elements-3f7988bac06a25ff521adc89455bce93\" style=\"font-size:15px;font-style:normal;font-weight:100\"><a href=\"https:\/\/www.jizelatelier.fr\/index.php\/la-papeterie\/les-marques-pages\/\" data-type=\"page\" data-id=\"132\">LES MARQUE-PAGES<\/a><\/h6>\n<\/div><\/div>\n<\/div>\n\n\n\n<div class=\"wp-block-column eplus-wrapper is-layout-flow wp-block-column-is-layout-flow\">\n<div class=\"wp-block-group imgvitrine eplus-wrapper\"><div class=\"wp-block-group__inner-container is-layout-constrained wp-block-group-is-layout-constrained\"><div class=\"wp-block-image eplus-wrapper is-style-rounded\">\n<figure class=\"aligncenter size-full is-resized\"><a href=\"https:\/\/www.jizelatelier.fr\/index.php\/la-papeterie\/les-cartes-postales\/\"><img loading=\"lazy\" decoding=\"async\" width=\"1880\" height=\"1880\" src=\"https:\/\/www.jizelatelier.fr\/wp-content\/uploads\/2025\/11\/MOCK8-CP-COF-VIT-Marmotte-de-Vitruve.jpg\" alt=\"\" class=\"wp-image-4339\" style=\"width:239px;height:auto\" srcset=\"https:\/\/www.jizelatelier.fr\/wp-content\/uploads\/2025\/11\/MOCK8-CP-COF-VIT-Marmotte-de-Vitruve.jpg 1880w, https:\/\/www.jizelatelier.fr\/wp-content\/uploads\/2025\/11\/MOCK8-CP-COF-VIT-Marmotte-de-Vitruve-300x300.jpg 300w, https:\/\/www.jizelatelier.fr\/wp-content\/uploads\/2025\/11\/MOCK8-CP-COF-VIT-Marmotte-de-Vitruve-1024x1024.jpg 1024w, https:\/\/www.jizelatelier.fr\/wp-content\/uploads\/2025\/11\/MOCK8-CP-COF-VIT-Marmotte-de-Vitruve-150x150.jpg 150w, https:\/\/www.jizelatelier.fr\/wp-content\/uploads\/2025\/11\/MOCK8-CP-COF-VIT-Marmotte-de-Vitruve-768x768.jpg 768w, https:\/\/www.jizelatelier.fr\/wp-content\/uploads\/2025\/11\/MOCK8-CP-COF-VIT-Marmotte-de-Vitruve-1536x1536.jpg 1536w, https:\/\/www.jizelatelier.fr\/wp-content\/uploads\/2025\/11\/MOCK8-CP-COF-VIT-Marmotte-de-Vitruve-600x600.jpg 600w\" sizes=\"auto, (max-width: 1880px) 100vw, 1880px\" \/><\/a><\/figure>\n<\/div>\n\n\n<h6 class=\"wp-block-heading has-text-align-center cartel eplus-wrapper has-black-color has-text-color has-link-color wp-elements-9efa2fc3e3799cc69667d1c758804fb2\" style=\"font-size:15px;font-style:normal;font-weight:100\"><a href=\"https:\/\/www.jizelatelier.fr\/index.php\/la-papeterie\/les-cartes-postales\/\" data-type=\"page\" data-id=\"134\">LES CARTES POSTALES<\/a><\/h6>\n<\/div><\/div>\n<\/div>\n\n\n\n<div class=\"wp-block-column eplus-wrapper is-layout-flow wp-block-column-is-layout-flow\">\n<div class=\"wp-block-group imgvitrine eplus-wrapper\"><div class=\"wp-block-group__inner-container is-layout-constrained wp-block-group-is-layout-constrained\"><div class=\"wp-block-image eplus-wrapper is-style-rounded\">\n<figure class=\"aligncenter size-full is-resized\"><a href=\"https:\/\/www.jizelatelier.fr\/index.php\/la-papeterie\/les-affiches-a4\/\"><img loading=\"lazy\" decoding=\"async\" width=\"2560\" height=\"2558\" src=\"https:\/\/www.jizelatelier.fr\/wp-content\/uploads\/2025\/11\/MOCK-A4-VIN-VEG-Marguerites-scaled.jpg\" alt=\"\" class=\"wp-image-4393\" style=\"width:239px;height:auto\" srcset=\"https:\/\/www.jizelatelier.fr\/wp-content\/uploads\/2025\/11\/MOCK-A4-VIN-VEG-Marguerites-scaled.jpg 2560w, https:\/\/www.jizelatelier.fr\/wp-content\/uploads\/2025\/11\/MOCK-A4-VIN-VEG-Marguerites-300x300.jpg 300w, https:\/\/www.jizelatelier.fr\/wp-content\/uploads\/2025\/11\/MOCK-A4-VIN-VEG-Marguerites-1024x1024.jpg 1024w, https:\/\/www.jizelatelier.fr\/wp-content\/uploads\/2025\/11\/MOCK-A4-VIN-VEG-Marguerites-150x150.jpg 150w, https:\/\/www.jizelatelier.fr\/wp-content\/uploads\/2025\/11\/MOCK-A4-VIN-VEG-Marguerites-768x767.jpg 768w, https:\/\/www.jizelatelier.fr\/wp-content\/uploads\/2025\/11\/MOCK-A4-VIN-VEG-Marguerites-1536x1536.jpg 1536w, https:\/\/www.jizelatelier.fr\/wp-content\/uploads\/2025\/11\/MOCK-A4-VIN-VEG-Marguerites-2048x2046.jpg 2048w, https:\/\/www.jizelatelier.fr\/wp-content\/uploads\/2025\/11\/MOCK-A4-VIN-VEG-Marguerites-600x600.jpg 600w\" sizes=\"auto, (max-width: 2560px) 100vw, 2560px\" \/><\/a><\/figure>\n<\/div>\n\n\n<h6 class=\"wp-block-heading has-text-align-center cartel eplus-wrapper has-black-color has-text-color has-link-color wp-elements-c251d83dfc9fb2b1d251661c60963eb1\" style=\"font-size:15px;font-style:normal;font-weight:100\"><a href=\"https:\/\/www.jizelatelier.fr\/index.php\/la-papeterie\/les-affiches-a4\/\" data-type=\"page\" data-id=\"138\">LES AFFICHES A4<\/a><\/h6>\n<\/div><\/div>\n<\/div>\n<\/div>\n\n\n\n<div class=\"wp-block-columns is-layout-flex wp-container-core-columns-is-layout-9d6595d7 wp-block-columns-is-layout-flex\">\n<div class=\"wp-block-column eplus-wrapper is-layout-flow wp-block-column-is-layout-flow\">\n<div class=\"wp-block-group imgvitrine eplus-wrapper\"><div class=\"wp-block-group__inner-container is-layout-constrained wp-block-group-is-layout-constrained\"><div class=\"wp-block-image eplus-wrapper is-style-rounded\">\n<figure class=\"aligncenter size-full is-resized\"><a href=\"https:\/\/www.jizelatelier.fr\/index.php\/la-papeterie\/les-affiches-30x40\/\"><img loading=\"lazy\" decoding=\"async\" width=\"2560\" height=\"2560\" src=\"https:\/\/www.jizelatelier.fr\/wp-content\/uploads\/2025\/11\/MOCK-30x40-VIN-FEM-The-great-hat-on-the-bottle-lie.jpg\" alt=\"\" class=\"wp-image-4410\" style=\"width:239px;height:auto\" srcset=\"https:\/\/www.jizelatelier.fr\/wp-content\/uploads\/2025\/11\/MOCK-30x40-VIN-FEM-The-great-hat-on-the-bottle-lie.jpg 2560w, https:\/\/www.jizelatelier.fr\/wp-content\/uploads\/2025\/11\/MOCK-30x40-VIN-FEM-The-great-hat-on-the-bottle-lie-300x300.jpg 300w, https:\/\/www.jizelatelier.fr\/wp-content\/uploads\/2025\/11\/MOCK-30x40-VIN-FEM-The-great-hat-on-the-bottle-lie-1024x1024.jpg 1024w, https:\/\/www.jizelatelier.fr\/wp-content\/uploads\/2025\/11\/MOCK-30x40-VIN-FEM-The-great-hat-on-the-bottle-lie-150x150.jpg 150w, https:\/\/www.jizelatelier.fr\/wp-content\/uploads\/2025\/11\/MOCK-30x40-VIN-FEM-The-great-hat-on-the-bottle-lie-768x768.jpg 768w, https:\/\/www.jizelatelier.fr\/wp-content\/uploads\/2025\/11\/MOCK-30x40-VIN-FEM-The-great-hat-on-the-bottle-lie-1536x1536.jpg 1536w, https:\/\/www.jizelatelier.fr\/wp-content\/uploads\/2025\/11\/MOCK-30x40-VIN-FEM-The-great-hat-on-the-bottle-lie-2048x2048.jpg 2048w, https:\/\/www.jizelatelier.fr\/wp-content\/uploads\/2025\/11\/MOCK-30x40-VIN-FEM-The-great-hat-on-the-bottle-lie-600x600.jpg 600w\" sizes=\"auto, (max-width: 2560px) 100vw, 2560px\" \/><\/a><\/figure>\n<\/div>\n\n\n<h6 class=\"wp-block-heading has-text-align-center cartel eplus-wrapper has-black-color has-text-color has-link-color wp-elements-e75c855b0dcb982bccd2746ec8828592\" style=\"font-size:15px;font-style:normal;font-weight:100\"><a href=\"https:\/\/www.jizelatelier.fr\/index.php\/la-papeterie\/les-affiches-30x40\/\" data-type=\"page\" data-id=\"132\">LES AFFICHES 30&#215;40<\/a><\/h6>\n<\/div><\/div>\n<\/div>\n\n\n\n<div class=\"wp-block-column eplus-wrapper is-layout-flow wp-block-column-is-layout-flow\">\n<div class=\"wp-block-group imgvitrine eplus-wrapper\"><div class=\"wp-block-group__inner-container is-layout-constrained wp-block-group-is-layout-constrained\"><div class=\"wp-block-image eplus-wrapper is-style-rounded\">\n<figure class=\"aligncenter size-full is-resized\"><a href=\"https:\/\/www.jizelatelier.fr\/index.php\/la-papeterie\/les-affiches-40x50\/\"><img loading=\"lazy\" decoding=\"async\" width=\"1584\" height=\"1584\" src=\"https:\/\/www.jizelatelier.fr\/wp-content\/uploads\/2025\/11\/MOCK-40x50-VIN-VIT-Tire-bouchon-de-gaulle-lie.jpg\" alt=\"\" class=\"wp-image-4424\" style=\"width:239px;height:auto\" srcset=\"https:\/\/www.jizelatelier.fr\/wp-content\/uploads\/2025\/11\/MOCK-40x50-VIN-VIT-Tire-bouchon-de-gaulle-lie.jpg 1584w, https:\/\/www.jizelatelier.fr\/wp-content\/uploads\/2025\/11\/MOCK-40x50-VIN-VIT-Tire-bouchon-de-gaulle-lie-300x300.jpg 300w, https:\/\/www.jizelatelier.fr\/wp-content\/uploads\/2025\/11\/MOCK-40x50-VIN-VIT-Tire-bouchon-de-gaulle-lie-1024x1024.jpg 1024w, https:\/\/www.jizelatelier.fr\/wp-content\/uploads\/2025\/11\/MOCK-40x50-VIN-VIT-Tire-bouchon-de-gaulle-lie-150x150.jpg 150w, https:\/\/www.jizelatelier.fr\/wp-content\/uploads\/2025\/11\/MOCK-40x50-VIN-VIT-Tire-bouchon-de-gaulle-lie-768x768.jpg 768w, https:\/\/www.jizelatelier.fr\/wp-content\/uploads\/2025\/11\/MOCK-40x50-VIN-VIT-Tire-bouchon-de-gaulle-lie-1536x1536.jpg 1536w, https:\/\/www.jizelatelier.fr\/wp-content\/uploads\/2025\/11\/MOCK-40x50-VIN-VIT-Tire-bouchon-de-gaulle-lie-600x600.jpg 600w\" sizes=\"auto, (max-width: 1584px) 100vw, 1584px\" \/><\/a><\/figure>\n<\/div>\n\n\n<h6 class=\"wp-block-heading has-text-align-center cartel eplus-wrapper has-black-color has-text-color has-link-color wp-elements-ee2e9f96bfc5943903dc38dbeb0cda45\" style=\"font-size:15px;font-style:normal;font-weight:100\"><a href=\"https:\/\/www.jizelatelier.fr\/index.php\/la-papeterie\/les-affiches-40x50\/\" data-type=\"page\" data-id=\"4087\">LES AFFICHES 40&#215;50<\/a><\/h6>\n<\/div><\/div>\n<\/div>\n\n\n\n<div class=\"wp-block-column eplus-wrapper is-layout-flow wp-block-column-is-layout-flow\">\n<div class=\"wp-block-group imgvitrine eplus-wrapper\"><div class=\"wp-block-group__inner-container is-layout-constrained wp-block-group-is-layout-constrained\"><div class=\"wp-block-image eplus-wrapper is-style-rounded\">\n<figure class=\"aligncenter size-full is-resized\"><a href=\"https:\/\/www.jizelatelier.fr\/index.php\/la-papeterie\/les-carnets\/\"><img loading=\"lazy\" decoding=\"async\" width=\"1181\" height=\"1181\" src=\"https:\/\/www.jizelatelier.fr\/wp-content\/uploads\/2025\/11\/Mock-3-CAR-VIN-VEG-Tournesol.jpg\" alt=\"\" class=\"wp-image-4498\" style=\"width:239px;height:auto\" srcset=\"https:\/\/www.jizelatelier.fr\/wp-content\/uploads\/2025\/11\/Mock-3-CAR-VIN-VEG-Tournesol.jpg 1181w, https:\/\/www.jizelatelier.fr\/wp-content\/uploads\/2025\/11\/Mock-3-CAR-VIN-VEG-Tournesol-300x300.jpg 300w, https:\/\/www.jizelatelier.fr\/wp-content\/uploads\/2025\/11\/Mock-3-CAR-VIN-VEG-Tournesol-1024x1024.jpg 1024w, https:\/\/www.jizelatelier.fr\/wp-content\/uploads\/2025\/11\/Mock-3-CAR-VIN-VEG-Tournesol-150x150.jpg 150w, https:\/\/www.jizelatelier.fr\/wp-content\/uploads\/2025\/11\/Mock-3-CAR-VIN-VEG-Tournesol-768x768.jpg 768w, https:\/\/www.jizelatelier.fr\/wp-content\/uploads\/2025\/11\/Mock-3-CAR-VIN-VEG-Tournesol-600x600.jpg 600w\" sizes=\"auto, (max-width: 1181px) 100vw, 1181px\" \/><\/a><\/figure>\n<\/div>\n\n\n<h6 class=\"wp-block-heading has-text-align-center cartel eplus-wrapper has-black-color has-text-color has-link-color wp-elements-dd747b53a599dec2e83109174a88c8ef\" style=\"font-size:15px;font-style:normal;font-weight:100\"><a href=\"https:\/\/www.jizelatelier.fr\/index.php\/la-papeterie\/les-carnets\/\" data-type=\"page\" data-id=\"4039\">LES CARNETS A5<\/a><\/h6>\n<\/div><\/div>\n<\/div>\n<\/div>\n\n\n\n<div class=\"wp-block-columns is-layout-flex wp-container-core-columns-is-layout-9d6595d7 wp-block-columns-is-layout-flex\">\n<div class=\"wp-block-column eplus-wrapper is-layout-flow wp-block-column-is-layout-flow\">\n<div class=\"wp-block-group imgvitrine eplus-wrapper\"><div class=\"wp-block-group__inner-container is-layout-constrained wp-block-group-is-layout-constrained\"><div class=\"wp-block-image eplus-wrapper is-style-rounded\">\n<figure class=\"aligncenter size-full is-resized\"><a href=\"https:\/\/www.jizelatelier.fr\/index.php\/le-calendrier-2026\/\"><img loading=\"lazy\" decoding=\"async\" width=\"1181\" height=\"1181\" src=\"https:\/\/www.jizelatelier.fr\/wp-content\/uploads\/2025\/11\/CAL-26-COUV.jpg\" alt=\"\" class=\"wp-image-4626\" style=\"width:239px;height:auto\" srcset=\"https:\/\/www.jizelatelier.fr\/wp-content\/uploads\/2025\/11\/CAL-26-COUV.jpg 1181w, https:\/\/www.jizelatelier.fr\/wp-content\/uploads\/2025\/11\/CAL-26-COUV-300x300.jpg 300w, https:\/\/www.jizelatelier.fr\/wp-content\/uploads\/2025\/11\/CAL-26-COUV-1024x1024.jpg 1024w, https:\/\/www.jizelatelier.fr\/wp-content\/uploads\/2025\/11\/CAL-26-COUV-150x150.jpg 150w, https:\/\/www.jizelatelier.fr\/wp-content\/uploads\/2025\/11\/CAL-26-COUV-768x768.jpg 768w, https:\/\/www.jizelatelier.fr\/wp-content\/uploads\/2025\/11\/CAL-26-COUV-600x600.jpg 600w\" sizes=\"auto, (max-width: 1181px) 100vw, 1181px\" \/><\/a><\/figure>\n<\/div>\n\n\n<h6 class=\"wp-block-heading has-text-align-center cartel eplus-wrapper has-black-color has-text-color has-link-color wp-elements-d854f3e3bc47e3ca6feb1fc6f548b9c0\" style=\"font-size:15px;font-style:normal;font-weight:100\"><a href=\"https:\/\/www.jizelatelier.fr\/index.php\/le-calendrier-2026\/\" data-type=\"page\" data-id=\"4487\">LE CALENDRIER 2026<\/a><\/h6>\n<\/div><\/div>\n<\/div>\n<\/div>\n","protected":false},"excerpt":{"rendered":"<p>LES MARQUE-PAGES LES CARTES POSTALES LES AFFICHES A4 LES AFFICHES 30&#215;40 LES AFFICHES 40&#215;50 LES CARNETS A5 LE CALENDRIER 2026<\/p>\n","protected":false},"author":1,"featured_media":0,"parent":0,"menu_order":0,"comment_status":"closed","ping_status":"closed","template":"","meta":{"editor_plus_copied_stylings":"{}","footnotes":""},"class_list":["post-129","page","type-page","status-publish","hentry"],"_links":{"self":[{"href":"https:\/\/www.jizelatelier.fr\/index.php\/wp-json\/wp\/v2\/pages\/129","targetHints":{"allow":["GET"]}}],"collection":[{"href":"https:\/\/www.jizelatelier.fr\/index.php\/wp-json\/wp\/v2\/pages"}],"about":[{"href":"https:\/\/www.jizelatelier.fr\/index.php\/wp-json\/wp\/v2\/types\/page"}],"author":[{"embeddable":true,"href":"https:\/\/www.jizelatelier.fr\/index.php\/wp-json\/wp\/v2\/users\/1"}],"replies":[{"embeddable":true,"href":"https:\/\/www.jizelatelier.fr\/index.php\/wp-json\/wp\/v2\/comments?post=129"}],"version-history":[{"count":47,"href":"https:\/\/www.jizelatelier.fr\/index.php\/wp-json\/wp\/v2\/pages\/129\/revisions"}],"predecessor-version":[{"id":5119,"href":"https:\/\/www.jizelatelier.fr\/index.php\/wp-json\/wp\/v2\/pages\/129\/revisions\/5119"}],"wp:attachment":[{"href":"https:\/\/www.jizelatelier.fr\/index.php\/wp-json\/wp\/v2\/media?parent=129"}],"curies":[{"name":"wp","href":"https:\/\/api.w.org\/{rel}","templated":true}]}}